
{"id":18065,"date":"2021-08-30T14:34:23","date_gmt":"2021-08-30T12:34:23","guid":{"rendered":"https:\/\/www.lasaintours.it\/privacy-policy\/"},"modified":"2021-08-30T14:34:25","modified_gmt":"2021-08-30T12:34:25","slug":"privacy-policy","status":"publish","type":"page","link":"https:\/\/www.lasaintours.it\/en\/privacy-policy\/","title":{"rendered":"Privacy policy"},"content":{"rendered":"<p>[et_pb_section fb_built=&#8221;1&#8243; custom_padding_last_edited=&#8221;on|tablet&#8221; module_id=&#8221;sfondo1&#8243; module_class=&#8221;sfondo1&#8243; _builder_version=&#8221;4.9.7&#8243; background_color=&#8221;#efd44c&#8221; background_color_gradient_direction=&#8221;145deg&#8221; custom_padding=&#8221;75px||0px||false|false&#8221; custom_padding_tablet=&#8221;50px||||false|false&#8221; custom_padding_phone=&#8221;&#8221; locked=&#8221;off&#8221;][et_pb_row column_structure=&#8221;2_5,3_5&#8243; use_custom_gutter=&#8221;on&#8221; gutter_width=&#8221;1&#8243; make_equal=&#8221;on&#8221; _builder_version=&#8221;4.9.7&#8243; module_alignment=&#8221;center&#8221; custom_padding=&#8221;0px||0px||true|&#8221;][et_pb_column type=&#8221;2_5&#8243; _builder_version=&#8221;4.9.7&#8243; custom_padding=&#8221;||||false|false&#8221; custom_padding_tablet=&#8221;||50px||false|false&#8221; custom_padding_phone=&#8221;&#8221; custom_padding_last_edited=&#8221;on|tablet&#8221;][et_pb_text _builder_version=&#8221;4.9.7&#8243; header_text_color=&#8221;#222222&#8243; custom_margin=&#8221;||20px||false|false&#8221;]<\/p>\n<h1 style=\"text-align: left;\">Privacy policy<\/h1>\n<p>[\/et_pb_text][et_pb_divider color=&#8221;#222222&#8243; _builder_version=&#8221;4.9.4&#8243; _module_preset=&#8221;default&#8221; max_width=&#8221;500px&#8221; module_alignment=&#8221;left&#8221; custom_margin=&#8221;10px||0px||false|false&#8221;][\/et_pb_divider][et_pb_text _builder_version=&#8221;4.9.7&#8243; header_text_color=&#8221;#FFFFFF&#8221;]<\/p>\n<h3 style=\"text-align: left;\">Testo informativo della privacy<\/h3>\n<p>[\/et_pb_text][et_pb_divider color=&#8221;#222222&#8243; _builder_version=&#8221;4.9.4&#8243; _module_preset=&#8221;default&#8221; max_width=&#8221;500px&#8221; module_alignment=&#8221;left&#8221; custom_margin=&#8221;10px||10px||true|false&#8221;][\/et_pb_divider][et_pb_text _builder_version=&#8221;4.9.7&#8243; _module_preset=&#8221;default&#8221; text_text_color=&#8221;#222222&#8243; max_width=&#8221;250px&#8221; module_alignment=&#8221;left&#8221; custom_margin=&#8221;||35px||false|false&#8221;]<\/p>\n<p>Trattamento dei dati<\/p>\n<p>[\/et_pb_text][et_pb_image src=&#8221;https:\/\/www.lasaintours.it\/wp-content\/uploads\/2021\/06\/icona-pittogrammi-3.png&#8221; alt=&#8221;La Saint Ours&#8221; title_text=&#8221;La Saint Ours&#8221; _builder_version=&#8221;4.9.7&#8243; _module_preset=&#8221;default&#8221; max_width=&#8221;50px&#8221; custom_margin=&#8221;||||false|false&#8221; custom_padding=&#8221;||50px||false|false&#8221; custom_padding_tablet=&#8221;||0px||false|false&#8221; custom_padding_phone=&#8221;&#8221; custom_padding_last_edited=&#8221;on|tablet&#8221; animation_style=&#8221;roll&#8221; locked=&#8221;off&#8221;][\/et_pb_image][\/et_pb_column][et_pb_column type=&#8221;3_5&#8243; _builder_version=&#8221;4.9.7&#8243; custom_padding=&#8221;||||false&#8221; custom_padding_tablet=&#8221;||0px||false|false&#8221; custom_padding_phone=&#8221;&#8221; custom_padding_last_edited=&#8221;on|tablet&#8221;][et_pb_image src=&#8221;https:\/\/www.lasaintours.it\/wp-content\/uploads\/2021\/06\/grolla-foire-2021.png&#8221; alt=&#8221;Exhibition-Contest Aosta Valley &#8211; La Saint Ours&#8221; title_text=&#8221;Exhibition-Contest Aosta Valley &#8211; La Saint Ours&#8221; disabled_on=&#8221;on|on|off&#8221; _builder_version=&#8221;4.9.7&#8243; _module_preset=&#8221;default&#8221; transform_scale_tablet=&#8221;&#8221; transform_scale_phone=&#8221;&#8221; transform_scale_last_edited=&#8221;on|desktop&#8221; transform_translate_tablet=&#8221;0px|0px&#8221; transform_translate_phone=&#8221;&#8221; transform_translate_last_edited=&#8221;on|tablet&#8221; transform_translate_linked=&#8221;off&#8221; transform_rotate_tablet=&#8221;&#8221; transform_rotate_phone=&#8221;&#8221; transform_rotate_last_edited=&#8221;on|desktop&#8221; transform_skew_tablet=&#8221;&#8221; transform_skew_phone=&#8221;&#8221; transform_skew_last_edited=&#8221;on|desktop&#8221; transform_origin_tablet=&#8221;&#8221; transform_origin_phone=&#8221;&#8221; transform_origin_last_edited=&#8221;on|desktop&#8221; transform_styles_last_edited=&#8221;on|tablet&#8221; z_index=&#8221;500&#8243; module_alignment=&#8221;left&#8221; custom_margin=&#8221;50px||0px||false|false&#8221; custom_padding=&#8221;||0px||false|false&#8221; animation_style=&#8221;slide&#8221; animation_direction=&#8221;right&#8221; transform_styles_tablet=&#8221;&#8221; transform_styles_phone=&#8221;&#8221; global_module=&#8221;715&#8243;][\/et_pb_image][\/et_pb_column][\/et_pb_row][\/et_pb_section][et_pb_section fb_built=&#8221;1&#8243; _builder_version=&#8221;4.4.6&#8243;][et_pb_row _builder_version=&#8221;4.4.6&#8243; custom_padding=&#8221;0px||0px|||&#8221;][et_pb_column type=&#8221;4_4&#8243; _builder_version=&#8221;4.4.6&#8243;][et_pb_text _builder_version=&#8221;4.9.7&#8243; hover_enabled=&#8221;0&#8243; sticky_enabled=&#8221;0&#8243;]<\/p>\n<p>Gentile utente,<\/p>\n<p>in questa pagina sono descritte le modalit\u00e0 di gestione del portale di Regione autonoma Valle d\u2019Aosta\/Vall\u00e9e d\u2019Aoste relativamente al trattamento dei dati personali degli utenti che lo consultano. Si tratta di un\u2019informativa resa ai sensi dell\u2019art. 13 del\u00a0<a href=\"https:\/\/www.regione.vda.it\/affari_legislativi\/privacy_i.aspx\">Regolamento UE 2016\/679<\/a>, Regolamento Generale sulla protezione dei dati di coloro che interagiscono con il sito della Regione autonoma Valle d\u2019Aosta\/Vall\u00e9e d\u2019Aoste\u00a0 a partire dall\u2019indirizzo www.regione.vda.it e non per altri siti web esterni ed eventualmente collegati a questo tramite link.<\/p>\n<p>Informazioni aggiuntive potranno essere fornite all\u2019interno dei differenti canali di accesso, suddivisi sulla base degli argomenti trattati (Aree Tematiche).<\/p>\n<h3><strong>1. FINALITA\u2019 DEL TRATTAMENTO DEI DATI\u00a0<\/strong><\/h3>\n<p>I dati raccolti sono trattati nel rispetto delle regole fissate dal Regolamento per le seguenti finalit\u00e0:<\/p>\n<ul>\n<li>esecuzione dei propri compiti di interesse pubblico o comunque connessi all\u2019esercizio dei propri pubblici poteri, ivi incluse le finalit\u00e0 di archiviazione, di ricerca storica e di analisi per scopi statistici;<\/li>\n<li>adempimenti di obblighi previsti da norme di legge, regolamenti, normativa comunitaria:<\/li>\n<li>erogazione ed esecuzione dei servizi di invio delle \u201cNewsletter\u201d.<\/li>\n<\/ul>\n<p>Specifiche finalit\u00e0, relative ai singoli trattamenti, potranno essere segnalate in maniera dettagliata nell\u2019ambito dei vari canali di accesso. All\u2019interno di essi l\u2019utente potr\u00e0 trovare informazioni integrative sul trattamento dei dati personali.<\/p>\n<h3><strong>2. TIPOLOGIA DEI DATI TRATTATI<\/strong><\/h3>\n<h3>2.1. Dati personali forniti volontariamente dall\u2019utente<\/h3>\n<p>In fase di erogazione ed esecuzione dei Servizi offerti dal sito regionale, l\u2019utente fornisce volontariamente alcuni dati personali (nome, cognome, email, ecc.) per l\u2019espletamento delle finalit\u00e0 di cui al punto 1 della presente informativa. Tali dati sono raccolti a seguito della compilazione degli specifici campi, presenti nei singoli servizi o quale conseguenza dell\u2019invio al Titolare del trattamento di e-mail agli indirizzi di posta elettronica indicati sul presente sito; alcuni dati risultano indispensabili per offrire opportuno riscontro alle richieste avanzate dagli utenti. In ogni caso, \u00e8 escluso il trattamento di dati sensibili e giudiziari che, se forniti volontariamente dall\u2019utente, saranno debitamente cancellati.<\/p>\n<h3>2.2. Dati di navigazione \u2013 Log file<\/h3>\n<p>I sistemi informatici e gli applicativi dedicati al funzionamento di questo sito web rilevano, nel corso del loro normale funzionamento, alcuni dati (la cui trasmissione \u00e8 implicita nell\u2019uso dei protocolli di comunicazione di Internet) non associati a utenti direttamente identificabili.<\/p>\n<p>Tra i dati raccolti sono compresi gli indirizzi IP e i nomi di dominio dei computer utilizzati dagli utenti che si connettono al sito, gli indirizzi in notazione URI (Uniform Resource Identifier) delle risorse richieste, l\u2019orario della richiesta, il metodo utilizzato nel sottoporre la richiesta al server, la dimensione del file ottenuto in risposta, il codice numerico indicante lo stato della risposta data dal server (buon fine, errore, ecc.) ed altri parametri riguardanti il sistema operativo e l\u2019ambiente informatico utilizzato dall\u2019utente.<\/p>\n<p>Questi dati vengono trattati, per il tempo strettamente necessario, al solo fine di ricavare informazioni statistiche anonime sull\u2019uso del sito e per controllarne il regolare funzionamento.<\/p>\n<h3>2.3. Cookies<\/h3>\n<p>Per le informazioni relative ai cookie utilizzati sul portale della Regione autonoma Valle d\u2019Aosta\/Vall\u00e9e d\u2019Aoste si rimanda alla specifica\u00a0<a href=\"https:\/\/www.regione.vda.it\/informazioni_utili\/cookies_i.aspx\">Cookie Policy<\/a>.<\/p>\n<h3><strong>3. COMUNICAZIONE E\/O DIFFUSIONE\u00a0<\/strong><\/h3>\n<p>I dati raccolti saranno trattati esclusivamente dal personale e da collaboratori dell\u2019Ente Regione. Tali dati vengono trattati, nel ruolo di Responsabile del Trattamento ex art. 28 del Regolamento, dalla societ\u00e0 partecipata regionale IN.VA. S.p.A., che svolge attivit\u00e0 di gestione e manutenzione dei sistemi informativi per conto della Regione.<br \/>Alcune operazioni di trattamento potrebbero essere altres\u00ec effettuate anche da altri soggetti terzi, ai quali la Regione affida talune attivit\u00e0, o parte di esse, funzionali all\u2019erogazione dei servizi. Su tali ulteriori soggetti, designati come Responsabili del trattamento, sono imposti da parte della Regione, mediante contratto o altro atto giuridico a norma del diritto dell\u2019UE o degli Stati membri, opportuni obblighi in materia di protezione dei dati personali attraverso istruzioni operative, con particolare riferimento all\u2019adozione di misure tecniche ed organizzative adeguate, al fine di poter garantire la riservatezza e la sicurezza dei dati ex art. 32 del Regolamento.<\/p>\n<p>Al di fuori di queste ipotesi i dati non saranno comunicati a terzi n\u00e9 diffusi, se non nei casi specificamente previsti dal diritto nazionale o dell\u2019Unione europea.<\/p>\n<h3><strong>4.<\/strong><strong>TRASFERIMENTO DEI DATI VERSO PAESI NON APPARTENENTI ALL\u2019UNIONE EUROPEA<\/strong><\/h3>\n<p>I dati raccolti ed elaborati non vengono trasferiti presso Societ\u00e0 o altre entit\u00e0 al di fuori del territorio comunitario.<\/p>\n<h3><strong>5. TEMPO DI CONSERVAZIONE DEI DATI<\/strong><\/h3>\n<p>I criteri utilizzati, per determinare il periodo di conservazione dei dati personali, sono quelli suggeriti dalle norme italiane vigenti in tema di conservazione e, comunque, di rispetto dei principi di liceit\u00e0, di necessit\u00e0 e di proporzionalit\u00e0, nonch\u00e9 delle finalit\u00e0 per le quali i dati sono stati conferiti.<\/p>\n<h3><strong>6. DIRITTI DEGLI UTENTI (QUALI \u201cINTERESSATI\u201d)<\/strong><\/h3>\n<p>Gli Utenti potranno esercitare in ogni momento i diritti previsti dagli art. 15 e ss. del Regolamento UE 2016\/679 ove applicabili. Fra questi si segnalano, in conformit\u00e0 a quanto previsto dagli articoli 13, comma 2, lettere (b) e d): il diritto di chiedere la rettifica o la cancellazione dei dati di registrazione che lo riguardano, la limitazione del trattamento o di opporsi al loro trattamento degli stessi, nei casi previsti; il diritto di proporre un reclamo al Garante per la protezione dei dati personali, seguendo le procedure e le indicazioni pubblicate sul sito web ufficiale dell\u2019Autorit\u00e0 su\u00a0<a href=\"http:\/\/www.garanteprivacy.it\/\" target=\"_blank\" rel=\"noreferrer noopener\">www.garanteprivacy.it<\/a><\/p>\n<h3><strong>7. TITOLARE DEL TRATTAMENTO\u00a0<\/strong><\/h3>\n<p>Il titolare del trattamento dei dati, relativi a persone identificate o identificabili che hanno consultato questo sito, \u00e8 la Regione autonoma Valle d\u2019Aosta\/Vall\u00e9e d\u2019Aoste, con sede in Aosta, Piazza Deffeye 1<\/p>\n<p>Il Responsabile della Protezione dei Dati della Regione pu\u00f2 essere contattato ai seguenti indirizzi:<\/p>\n<p><a href=\"mailto:privacy@pec.regione.vda.it\">privacy@pec.regione.vda.it<\/a><br \/><a href=\"mailto:privacy@regione.vda.it\">privacy@regione.vda.it<\/a><\/p>\n<p>[\/et_pb_text][\/et_pb_column][\/et_pb_row][\/et_pb_section]<\/p>\n","protected":false},"excerpt":{"rendered":"<p>Privacy policyTesto informativo della privacyTrattamento dei datiGentile utente, in questa pagina sono descritte le modalit\u00e0 di gestione del portale di Regione autonoma Valle d\u2019Aosta\/Vall\u00e9e d\u2019Aoste relativamente al trattamento dei dati personali degli utenti che lo consultano. Si tratta di un\u2019informativa resa ai sensi dell\u2019art. 13 del\u00a0Regolamento UE 2016\/679, Regolamento Generale sulla protezione dei dati di [&hellip;]<\/p>\n","protected":false},"author":1,"featured_media":0,"parent":0,"menu_order":0,"comment_status":"closed","ping_status":"closed","template":"","meta":{"_et_pb_use_builder":"on","_et_pb_old_content":"","_et_gb_content_width":"","footnotes":""},"archivio-pagine":[],"class_list":["post-18065","page","type-page","status-publish","hentry"],"yoast_head":"<!-- This site is optimized with the Yoast SEO plugin v25.5 - https:\/\/yoast.com\/wordpress\/plugins\/seo\/ -->\n<title>Privacy policy - La Saint Ours<\/title>\n<meta name=\"robots\" content=\"index, follow, max-snippet:-1, max-image-preview:large, max-video-preview:-1\" \/>\n<link rel=\"canonical\" href=\"https:\/\/www.lasaintours.it\/en\/privacy-policy\/\" \/>\n<meta property=\"og:locale\" content=\"en_US\" \/>\n<meta property=\"og:type\" content=\"article\" \/>\n<meta property=\"og:title\" content=\"Privacy policy - La Saint Ours\" \/>\n<meta property=\"og:description\" content=\"Privacy policyTesto informativo della privacyTrattamento dei datiGentile utente, in questa pagina sono descritte le modalit\u00e0 di gestione del portale di Regione autonoma Valle d\u2019Aosta\/Vall\u00e9e d\u2019Aoste relativamente al trattamento dei dati personali degli utenti che lo consultano. Si tratta di un\u2019informativa resa ai sensi dell\u2019art. 13 del\u00a0Regolamento UE 2016\/679, Regolamento Generale sulla protezione dei dati di [&hellip;]\" \/>\n<meta property=\"og:url\" content=\"https:\/\/www.lasaintours.it\/en\/privacy-policy\/\" \/>\n<meta property=\"og:site_name\" content=\"La Saint Ours\" \/>\n<meta property=\"article:modified_time\" content=\"2021-08-30T12:34:25+00:00\" \/>\n<meta name=\"twitter:card\" content=\"summary_large_image\" \/>\n<meta name=\"twitter:label1\" content=\"Est. reading time\" \/>\n\t<meta name=\"twitter:data1\" content=\"7 minutes\" \/>\n<script type=\"application\/ld+json\" class=\"yoast-schema-graph\">{\"@context\":\"https:\/\/schema.org\",\"@graph\":[{\"@type\":\"WebPage\",\"@id\":\"https:\/\/www.lasaintours.it\/en\/privacy-policy\/\",\"url\":\"https:\/\/www.lasaintours.it\/en\/privacy-policy\/\",\"name\":\"Privacy policy - La Saint Ours\",\"isPartOf\":{\"@id\":\"https:\/\/www.lasaintours.it\/#website\"},\"datePublished\":\"2021-08-30T12:34:23+00:00\",\"dateModified\":\"2021-08-30T12:34:25+00:00\",\"inLanguage\":\"en-US\",\"potentialAction\":[{\"@type\":\"ReadAction\",\"target\":[\"https:\/\/www.lasaintours.it\/en\/privacy-policy\/\"]}]},{\"@type\":\"WebSite\",\"@id\":\"https:\/\/www.lasaintours.it\/#website\",\"url\":\"https:\/\/www.lasaintours.it\/\",\"name\":\"La Saint Ours\",\"description\":\"Foire de Saint Ours\",\"potentialAction\":[{\"@type\":\"SearchAction\",\"target\":{\"@type\":\"EntryPoint\",\"urlTemplate\":\"https:\/\/www.lasaintours.it\/?s={search_term_string}\"},\"query-input\":{\"@type\":\"PropertyValueSpecification\",\"valueRequired\":true,\"valueName\":\"search_term_string\"}}],\"inLanguage\":\"en-US\"}]}<\/script>\n<!-- \/ Yoast SEO plugin. -->","yoast_head_json":{"title":"Privacy policy - La Saint Ours","robots":{"index":"index","follow":"follow","max-snippet":"max-snippet:-1","max-image-preview":"max-image-preview:large","max-video-preview":"max-video-preview:-1"},"canonical":"https:\/\/www.lasaintours.it\/en\/privacy-policy\/","og_locale":"en_US","og_type":"article","og_title":"Privacy policy - La Saint Ours","og_description":"Privacy policyTesto informativo della privacyTrattamento dei datiGentile utente, in questa pagina sono descritte le modalit\u00e0 di gestione del portale di Regione autonoma Valle d\u2019Aosta\/Vall\u00e9e d\u2019Aoste relativamente al trattamento dei dati personali degli utenti che lo consultano. Si tratta di un\u2019informativa resa ai sensi dell\u2019art. 13 del\u00a0Regolamento UE 2016\/679, Regolamento Generale sulla protezione dei dati di [&hellip;]","og_url":"https:\/\/www.lasaintours.it\/en\/privacy-policy\/","og_site_name":"La Saint Ours","article_modified_time":"2021-08-30T12:34:25+00:00","twitter_card":"summary_large_image","twitter_misc":{"Est. reading time":"7 minutes"},"schema":{"@context":"https:\/\/schema.org","@graph":[{"@type":"WebPage","@id":"https:\/\/www.lasaintours.it\/en\/privacy-policy\/","url":"https:\/\/www.lasaintours.it\/en\/privacy-policy\/","name":"Privacy policy - La Saint Ours","isPartOf":{"@id":"https:\/\/www.lasaintours.it\/#website"},"datePublished":"2021-08-30T12:34:23+00:00","dateModified":"2021-08-30T12:34:25+00:00","inLanguage":"en-US","potentialAction":[{"@type":"ReadAction","target":["https:\/\/www.lasaintours.it\/en\/privacy-policy\/"]}]},{"@type":"WebSite","@id":"https:\/\/www.lasaintours.it\/#website","url":"https:\/\/www.lasaintours.it\/","name":"La Saint Ours","description":"Foire de Saint Ours","potentialAction":[{"@type":"SearchAction","target":{"@type":"EntryPoint","urlTemplate":"https:\/\/www.lasaintours.it\/?s={search_term_string}"},"query-input":{"@type":"PropertyValueSpecification","valueRequired":true,"valueName":"search_term_string"}}],"inLanguage":"en-US"}]}},"_links":{"self":[{"href":"https:\/\/www.lasaintours.it\/en\/wp-json\/wp\/v2\/pages\/18065","targetHints":{"allow":["GET"]}}],"collection":[{"href":"https:\/\/www.lasaintours.it\/en\/wp-json\/wp\/v2\/pages"}],"about":[{"href":"https:\/\/www.lasaintours.it\/en\/wp-json\/wp\/v2\/types\/page"}],"author":[{"embeddable":true,"href":"https:\/\/www.lasaintours.it\/en\/wp-json\/wp\/v2\/users\/1"}],"replies":[{"embeddable":true,"href":"https:\/\/www.lasaintours.it\/en\/wp-json\/wp\/v2\/comments?post=18065"}],"version-history":[{"count":2,"href":"https:\/\/www.lasaintours.it\/en\/wp-json\/wp\/v2\/pages\/18065\/revisions"}],"predecessor-version":[{"id":18067,"href":"https:\/\/www.lasaintours.it\/en\/wp-json\/wp\/v2\/pages\/18065\/revisions\/18067"}],"wp:attachment":[{"href":"https:\/\/www.lasaintours.it\/en\/wp-json\/wp\/v2\/media?parent=18065"}],"wp:term":[{"taxonomy":"archivio-pagine","embeddable":true,"href":"https:\/\/www.lasaintours.it\/en\/wp-json\/wp\/v2\/archivio-pagine?post=18065"}],"curies":[{"name":"wp","href":"https:\/\/api.w.org\/{rel}","templated":true}]}}