
{"id":30449,"date":"2025-02-19T11:44:16","date_gmt":"2025-02-19T10:44:16","guid":{"rendered":"https:\/\/www.lasaintours.it\/santorso-2025\/"},"modified":"2026-02-20T11:45:57","modified_gmt":"2026-02-20T10:45:57","slug":"santorso-2026","status":"publish","type":"page","link":"https:\/\/www.lasaintours.it\/en\/santorso-2026\/","title":{"rendered":"SantOrso 2025"},"content":{"rendered":"<p>[et_pb_section fb_built=&#8221;1&#8243; custom_padding_last_edited=&#8221;on|tablet&#8221; module_id=&#8221;sfondo1&#8243; module_class=&#8221;sfondo1&#8243; _builder_version=&#8221;4.23.2&#8243; background_color=&#8221;#761813&#8243; custom_margin=&#8221;150px||||false|false&#8221; custom_padding=&#8221;75px||0px||false|false&#8221; custom_padding_tablet=&#8221;50px||||false|false&#8221; custom_padding_phone=&#8221;&#8221; locked=&#8221;off&#8221; global_colors_info=&#8221;{}&#8221;][et_pb_row column_structure=&#8221;2_5,3_5&#8243; use_custom_gutter=&#8221;on&#8221; gutter_width=&#8221;1&#8243; make_equal=&#8221;on&#8221; _builder_version=&#8221;4.16&#8243; module_alignment=&#8221;center&#8221; custom_padding=&#8221;0px||0px||true|&#8221; global_colors_info=&#8221;{}&#8221;][et_pb_column type=&#8221;2_5&#8243; _builder_version=&#8221;4.16&#8243; custom_padding=&#8221;||||false|false&#8221; custom_padding_tablet=&#8221;||50px||false|false&#8221; custom_padding_phone=&#8221;&#8221; custom_padding_last_edited=&#8221;on|tablet&#8221; global_colors_info=&#8221;{}&#8221;][et_pb_text _builder_version=&#8221;4.23.2&#8243; header_text_color=&#8221;#222222&#8243; custom_margin=&#8221;||20px||false|false&#8221; global_colors_info=&#8221;{}&#8221;]<\/p>\n<h1 style=\"text-align: left;\">The <span style=\"color: #ffffff;\"><strong>saint ours<\/strong><\/span><\/h1>\n<p>[\/et_pb_text][et_pb_divider color=&#8221;#FFFFFF&#8221; _builder_version=&#8221;4.23.2&#8243; _module_preset=&#8221;default&#8221; max_width=&#8221;500px&#8221; module_alignment=&#8221;left&#8221; custom_margin=&#8221;10px||0px||false|false&#8221; global_colors_info=&#8221;{}&#8221;][\/et_pb_divider][et_pb_text _builder_version=&#8221;4.23.2&#8243; header_text_color=&#8221;#FFFFFF&#8221; global_colors_info=&#8221;{}&#8221;]<\/p>\n<h3 style=\"text-align: left;\">January 30 &#8211; 31, 2027<\/h3>\n<p>[\/et_pb_text][et_pb_divider color=&#8221;#FFFFFF&#8221; _builder_version=&#8221;4.23.2&#8243; _module_preset=&#8221;default&#8221; max_width=&#8221;500px&#8221; module_alignment=&#8221;left&#8221; custom_margin=&#8221;10px||10px||true|false&#8221; global_colors_info=&#8221;{}&#8221;][\/et_pb_divider][et_pb_text _builder_version=&#8221;4.16&#8243; _module_preset=&#8221;default&#8221; text_text_color=&#8221;#222222&#8243; max_width=&#8221;250px&#8221; module_alignment=&#8221;left&#8221; custom_margin=&#8221;||35px||false|false&#8221; global_colors_info=&#8221;{}&#8221;]<\/p>\n<p style=\"font-weight: 400;\">One day, someone will ask you if it is possible to travel through time, to go back more than a thousand years. And you will answer yes.<br \/>\nEvery winter, in a valley of giants, the mountains come alive, releasing stories carved in wood, stone, and iron.<\/p>\n<p>[\/et_pb_text][et_pb_image src=&#8221;https:\/\/www.lasaintours.it\/wp-content\/uploads\/2021\/06\/icona-pittogrammi-7.png&#8221; alt=&#8221;Events &#8211; La Saint Ours&#8221; title_text=&#8221;Events &#8211; La Saint Ours&#8221; _builder_version=&#8221;4.16&#8243; _module_preset=&#8221;default&#8221; max_width=&#8221;50px&#8221; custom_margin=&#8221;||||false|false&#8221; custom_padding=&#8221;||50px||false|false&#8221; custom_padding_tablet=&#8221;||0px||false|false&#8221; custom_padding_phone=&#8221;&#8221; custom_padding_last_edited=&#8221;on|tablet&#8221; animation_style=&#8221;roll&#8221; locked=&#8221;off&#8221; global_colors_info=&#8221;{}&#8221;][\/et_pb_image][\/et_pb_column][et_pb_column type=&#8221;3_5&#8243; _builder_version=&#8221;4.16&#8243; custom_padding=&#8221;||||false&#8221; custom_padding_tablet=&#8221;||0px||false|false&#8221; custom_padding_phone=&#8221;&#8221; custom_padding_last_edited=&#8221;on|tablet&#8221; global_colors_info=&#8221;{}&#8221;][et_pb_image src=&#8221;https:\/\/www.lasaintours.it\/wp-content\/uploads\/2025\/12\/LASAINTOURS.png&#8221; alt=&#8221;La Saint Ours&#8221; title_text=&#8221;la-saint-ours-estate-2023&#8243; align=&#8221;center&#8221; disabled_on=&#8221;off|off|off&#8221; _builder_version=&#8221;4.20.2&#8243; _module_preset=&#8221;default&#8221; transform_scale_tablet=&#8221;&#8221; transform_scale_phone=&#8221;&#8221; transform_scale_last_edited=&#8221;on|desktop&#8221; transform_translate_tablet=&#8221;0px|0px&#8221; transform_translate_phone=&#8221;&#8221; transform_translate_last_edited=&#8221;on|tablet&#8221; transform_translate_linked=&#8221;off&#8221; transform_rotate_tablet=&#8221;&#8221; transform_rotate_phone=&#8221;&#8221; transform_rotate_last_edited=&#8221;on|desktop&#8221; transform_skew_tablet=&#8221;&#8221; transform_skew_phone=&#8221;&#8221; transform_skew_last_edited=&#8221;on|desktop&#8221; transform_origin_tablet=&#8221;&#8221; transform_origin_phone=&#8221;&#8221; transform_origin_last_edited=&#8221;on|desktop&#8221; transform_styles_last_edited=&#8221;on|tablet&#8221; z_index=&#8221;500&#8243; max_width=&#8221;600px&#8221; max_width_tablet=&#8221;300px&#8221; max_width_phone=&#8221;300px&#8221; max_width_last_edited=&#8221;on|phone&#8221; module_alignment=&#8221;center&#8221; min_height=&#8221;394px&#8221; height=&#8221;420px&#8221; custom_margin=&#8221;75px||0px||false|false&#8221; custom_padding=&#8221;||0px||false|false&#8221; animation_style=&#8221;slide&#8221; animation_direction=&#8221;right&#8221; transform_styles_tablet=&#8221;&#8221; transform_styles_phone=&#8221;&#8221; global_module=&#8221;715&#8243; global_colors_info=&#8221;{}&#8221;][\/et_pb_image][\/et_pb_column][\/et_pb_row][\/et_pb_section][et_pb_section fb_built=&#8221;1&#8243; custom_padding_last_edited=&#8221;on|tablet&#8221; module_id=&#8221;sfondo1&#8243; module_class=&#8221;sfondo1&#8243; _builder_version=&#8221;4.23.2&#8243; _module_preset=&#8221;default&#8221; background_color=&#8221;#761813&#8243; background_enable_image=&#8221;off&#8221; custom_padding=&#8221;0px||100px||false|false&#8221; custom_padding_tablet=&#8221;||50px||false|false&#8221; custom_padding_phone=&#8221;&#8221; locked=&#8221;off&#8221; global_colors_info=&#8221;{}&#8221;][et_pb_row use_custom_gutter=&#8221;on&#8221; gutter_width=&#8221;1&#8243; make_equal=&#8221;on&#8221; _builder_version=&#8221;4.16&#8243; _module_preset=&#8221;default&#8221; background_image=&#8221;https:\/\/www.lasaintours.it\/wp-content\/uploads\/2021\/07\/la-saint-ours-aosta-18.jpg&#8221; parallax=&#8221;on&#8221; custom_padding=&#8221;0px||0px||true|&#8221; global_colors_info=&#8221;{}&#8221;][et_pb_column type=&#8221;4_4&#8243; _builder_version=&#8221;4.16&#8243; _module_preset=&#8221;default&#8221; background_enable_color=&#8221;off&#8221; background_enable_image=&#8221;off&#8221; custom_padding=&#8221;250px||250px||true|true&#8221; custom_padding_tablet=&#8221;150px||150px||true|true&#8221; custom_padding_phone=&#8221;&#8221; custom_padding_last_edited=&#8221;on|tablet&#8221; global_colors_info=&#8221;{}&#8221;][et_pb_divider show_divider=&#8221;off&#8221; _builder_version=&#8221;4.16&#8243; _module_preset=&#8221;default&#8221; global_colors_info=&#8221;{}&#8221;][\/et_pb_divider][\/et_pb_column][\/et_pb_row][et_pb_row column_structure=&#8221;1_3,1_3,1_3&#8243; _builder_version=&#8221;4.16&#8243; _module_preset=&#8221;default&#8221; custom_padding=&#8221;0px||0px|||&#8221; locked=&#8221;off&#8221; global_colors_info=&#8221;{}&#8221;][et_pb_column type=&#8221;1_3&#8243; _builder_version=&#8221;4.16&#8243; _module_preset=&#8221;default&#8221; global_colors_info=&#8221;{}&#8221;][et_pb_image src=&#8221;https:\/\/www.lasaintours.it\/wp-content\/uploads\/2021\/07\/la-saint-ours-aosta-19.jpg&#8221; alt=&#8221;La Saint Ours &#8211; Aosta&#8221; title_text=&#8221;La Saint Ours &#8211; Aosta&#8221; _builder_version=&#8221;4.16&#8243; _module_preset=&#8221;default&#8221; animation_style=&#8221;slide&#8221; animation_direction=&#8221;right&#8221; global_colors_info=&#8221;{}&#8221;][\/et_pb_image][\/et_pb_column][et_pb_column type=&#8221;1_3&#8243; _builder_version=&#8221;4.16&#8243; _module_preset=&#8221;default&#8221; custom_padding=&#8221;50px||0px||false|false&#8221; global_colors_info=&#8221;{}&#8221;][et_pb_text _builder_version=&#8221;4.23.2&#8243; _module_preset=&#8221;default&#8221; text_text_color=&#8221;#222222&#8243; custom_margin=&#8221;||30px|||&#8221; custom_padding=&#8221;||15px||false|false&#8221; border_color_all=&#8221;#FFFFFF&#8221; border_width_bottom=&#8221;1px&#8221; global_colors_info=&#8221;{}&#8221;]<\/p>\n<h3>A spell on the city<\/h3>\n<p>[\/et_pb_text][et_pb_text _builder_version=&#8221;4.23.2&#8243; _module_preset=&#8221;default&#8221; text_text_color=&#8221;#222222&#8243; custom_margin=&#8221;||30px|||&#8221; custom_padding=&#8221;||||false|false&#8221; global_colors_info=&#8221;{}&#8221;]<\/p>\n<p style=\"font-weight: 400;\">If the essence of the Aosta Valley could take form, it would be that of the Saint-Ours Fair.<\/p>\n<p style=\"font-weight: 400;\">An event that has survived for thousands of years, guardian of granite-like traditions, solid as the mountains.<br \/>\nThe Fair is the crisp air, filled with dialect and solemn songs; the intense aroma of mulled wine; the cheerful chatter of those crossing the city in celebration, and the calloused hands of artisans.<\/p>\n<p>[\/et_pb_text][\/et_pb_column][et_pb_column type=&#8221;1_3&#8243; _builder_version=&#8221;4.16&#8243; _module_preset=&#8221;default&#8221; custom_padding=&#8221;50px||50px||false|false&#8221; custom_padding_tablet=&#8221;0px||0px||false|false&#8221; custom_padding_phone=&#8221;&#8221; custom_padding_last_edited=&#8221;on|tablet&#8221; global_colors_info=&#8221;{}&#8221;][et_pb_text _builder_version=&#8221;4.23.2&#8243; _module_preset=&#8221;default&#8221; text_text_color=&#8221;#222222&#8243; custom_margin=&#8221;||30px|||&#8221; custom_padding=&#8221;||15px||false|false&#8221; border_color_all=&#8221;#FFFFFF&#8221; border_width_bottom=&#8221;1px&#8221; global_colors_info=&#8221;{}&#8221;]<\/p>\n<h3>Info<\/h3>\n<p>[\/et_pb_text][et_pb_blurb title=&#8221;Traditional handicraft office &#8221; use_icon=&#8221;on&#8221; font_icon=&#8221;&#xe01d;||divi||400&#8243; icon_color=&#8221;#FFFFFF&#8221; icon_placement=&#8221;left&#8221; image_icon_width=&#8221;20px&#8221; _builder_version=&#8221;4.23.2&#8243; _module_preset=&#8221;default&#8221; header_level=&#8221;h5&#8243; header_font=&#8221;|||on|||||&#8221; body_text_color=&#8221;#222222&#8243; icon_font_size=&#8221;20px&#8221; global_colors_info=&#8221;{}&#8221;]Piazza della Repubblica, 15<br \/>\n11100 Aosta (AO)<br \/>\n[\/et_pb_blurb][et_pb_blurb title=&#8221;+39 0165 27 45 97&#8243; use_icon=&#8221;on&#8221; font_icon=&#8221;&#xe00b;||divi||400&#8243; icon_color=&#8221;#FFFFFF&#8221; icon_placement=&#8221;left&#8221; image_icon_width=&#8221;20px&#8221; _builder_version=&#8221;4.23.2&#8243; _module_preset=&#8221;default&#8221; header_level=&#8221;h5&#8243; header_font=&#8221;|||on|||||&#8221; body_text_color=&#8221;#222222&#8243; custom_margin=&#8221;||15px||false|false&#8221; link_option_url=&#8221;tel:+390165274597&#8243; link_option_url_new_window=&#8221;on&#8221; icon_font_size=&#8221;20px&#8221; global_colors_info=&#8221;{}&#8221;][\/et_pb_blurb][et_pb_blurb title=&#8221;+39 0165 27 47 42&#8243; use_icon=&#8221;on&#8221; font_icon=&#8221;&#xe00b;||divi||400&#8243; icon_color=&#8221;#FFFFFF&#8221; icon_placement=&#8221;left&#8221; image_icon_width=&#8221;20px&#8221; _builder_version=&#8221;4.23.2&#8243; _module_preset=&#8221;default&#8221; header_level=&#8221;h5&#8243; header_font=&#8221;|||on|||||&#8221; body_text_color=&#8221;#222222&#8243; custom_margin=&#8221;||15px||false|false&#8221; link_option_url=&#8221;tel:+390165274742&#8243; link_option_url_new_window=&#8221;on&#8221; icon_font_size=&#8221;20px&#8221; locked=&#8221;off&#8221; global_colors_info=&#8221;{}&#8221;][\/et_pb_blurb][et_pb_blurb title=&#8221;Send an e-mail &#8221; use_icon=&#8221;on&#8221; font_icon=&#8221;&#xe010;||divi||400&#8243; icon_color=&#8221;#FFFFFF&#8221; icon_placement=&#8221;left&#8221; image_icon_width=&#8221;20px&#8221; _builder_version=&#8221;4.23.2&#8243; _module_preset=&#8221;default&#8221; header_level=&#8221;h5&#8243; header_font=&#8221;|||on|||||&#8221; body_text_color=&#8221;#222222&#8243; custom_margin=&#8221;||15px||false|false&#8221; link_option_url=&#8221;mailto:u-artigianato@regione.vda.it&#8221; link_option_url_new_window=&#8221;on&#8221; icon_font_size=&#8221;20px&#8221; global_colors_info=&#8221;{}&#8221;][\/et_pb_blurb][et_pb_blurb title=&#8221;Discover the program&#8221; use_icon=&#8221;on&#8221; font_icon=&#8221;&#xf0ac;||fa||900&#8243; icon_color=&#8221;#FFFFFF&#8221; icon_placement=&#8221;left&#8221; image_icon_width=&#8221;20px&#8221; disabled_on=&#8221;on|on|on&#8221; _builder_version=&#8221;4.23.2&#8243; _module_preset=&#8221;default&#8221; header_level=&#8221;h5&#8243; header_font=&#8221;|||on|||||&#8221; body_text_color=&#8221;#222222&#8243; custom_margin=&#8221;||15px||false|false&#8221; link_option_url=&#8221;https:\/\/www.lasaintours.it\/en\/programme-foire-2025\/&#8221; icon_font_size=&#8221;20px&#8221; disabled=&#8221;on&#8221; global_colors_info=&#8221;{}&#8221;][\/et_pb_blurb][et_pb_blurb title=&#8221;Download the program&#8221; url=&#8221;https:\/\/www.lasaintours.it\/wp-content\/uploads\/2026\/01\/La-Saint-Ours-flyer-2026-LS.pdf&#8221; use_icon=&#8221;on&#8221; font_icon=&#8221;&#xe05f;||divi||400&#8243; icon_color=&#8221;#FFFFFF&#8221; image_icon_background_color=&#8221;RGBA(255,255,255,0)&#8221; icon_placement=&#8221;left&#8221; image_icon_width=&#8221;20px&#8221; disabled_on=&#8221;on|on|on&#8221; _builder_version=&#8221;4.23.2&#8243; _dynamic_attributes=&#8221;link_option_url&#8221; _module_preset=&#8221;default&#8221; header_level=&#8221;h5&#8243; header_font=&#8221;|||on|||||&#8221; body_text_color=&#8221;#222222&#8243; custom_margin=&#8221;||15px||false|false&#8221; link_option_url=&#8221;@ET-DC@eyJkeW5hbWljIjp0cnVlLCJjb250ZW50IjoicG9zdF9saW5rX3VybF9wYWdlIiwic2V0dGluZ3MiOnsicG9zdF9pZCI6IjI3MTEwIn19@&#8221; link_option_url_new_window=&#8221;on&#8221; icon_font_size=&#8221;20px&#8221; disabled=&#8221;on&#8221; global_colors_info=&#8221;{}&#8221;][\/et_pb_blurb][\/et_pb_column][\/et_pb_row][\/et_pb_section][et_pb_section fb_built=&#8221;1&#8243; custom_padding_last_edited=&#8221;on|tablet&#8221; _builder_version=&#8221;4.23.2&#8243; _module_preset=&#8221;default&#8221; background_color=&#8221;#FFFFFF&#8221; custom_padding=&#8221;100px||100px||true|false&#8221; custom_padding_tablet=&#8221;50px||50px||true|false&#8221; custom_padding_phone=&#8221;&#8221; locked=&#8221;off&#8221; global_colors_info=&#8221;{}&#8221;][et_pb_row column_structure=&#8221;3_5,2_5&#8243; _builder_version=&#8221;4.16&#8243; _module_preset=&#8221;default&#8221; custom_padding=&#8221;0px||0px||true|&#8221; global_colors_info=&#8221;{}&#8221;][et_pb_column type=&#8221;3_5&#8243; _builder_version=&#8221;4.16&#8243; _module_preset=&#8221;default&#8221; global_colors_info=&#8221;{}&#8221;][et_pb_text _builder_version=&#8221;4.16&#8243; _module_preset=&#8221;default&#8221; custom_margin=&#8221;||5px||false|false&#8221; global_colors_info=&#8221;{}&#8221;]<\/p>\n<h2 style=\"text-align: left;\">THOUSAND OF CRAFTSMEN\u2026<\/h2>\n<p>[\/et_pb_text][et_pb_text _builder_version=&#8221;4.23.2&#8243; _module_preset=&#8221;default&#8221; header_2_text_color=&#8221;#EDD83B&#8221; max_width=&#8221;350px&#8221; module_alignment=&#8221;left&#8221; global_colors_info=&#8221;{}&#8221;]<\/p>\n<h3>One city<\/h3>\n<p>[\/et_pb_text][et_pb_image src=&#8221;https:\/\/www.lasaintours.it\/wp-content\/uploads\/2021\/07\/la-saint-ours-aosta-3.jpg&#8221; alt=&#8221;La Saint-Ours&#8221; title_text=&#8221;La Saint-Ours&#8221; _builder_version=&#8221;4.16&#8243; _module_preset=&#8221;default&#8221; global_colors_info=&#8221;{}&#8221;][\/et_pb_image][\/et_pb_column][et_pb_column type=&#8221;2_5&#8243; _builder_version=&#8221;4.16&#8243; _module_preset=&#8221;default&#8221; global_colors_info=&#8221;{}&#8221;][et_pb_image src=&#8221;https:\/\/www.lasaintours.it\/wp-content\/uploads\/2021\/05\/legno.jpg&#8221; alt=&#8221;La Saint-Ours&#8221; title_text=&#8221;La Saint-Ours&#8221; _builder_version=&#8221;4.16&#8243; _module_preset=&#8221;default&#8221; max_width=&#8221;400px&#8221; module_alignment=&#8221;left&#8221; filter_saturate=&#8221;75%&#8221; global_colors_info=&#8221;{}&#8221; filter_saturate__hover_enabled=&#8221;off|hover&#8221;][\/et_pb_image][et_pb_text _builder_version=&#8221;4.16&#8243; _module_preset=&#8221;default&#8221; header_2_text_color=&#8221;#EDD83B&#8221; max_width=&#8221;350px&#8221; module_alignment=&#8221;left&#8221; custom_margin=&#8221;||5px||false|false&#8221; global_colors_info=&#8221;{}&#8221;]<\/p>\n<h3>What will you find at the Fair?<\/h3>\n<p>[\/et_pb_text][et_pb_text _builder_version=&#8221;4.23.2&#8243; _module_preset=&#8221;default&#8221; max_width=&#8221;250px&#8221; module_alignment=&#8221;left&#8221; global_colors_info=&#8221;{}&#8221;]<\/p>\n<p style=\"font-weight: 400;\">From Valdostan crafts to the most creative items: work tools, sculptures, and much more.<br \/>\nNot only hobbyists but also artisan schools and companies exhibiting their works.<br \/>\nAll accompanied by folkloric performances and a food &amp; wine pavilion to taste the region\u2019s finest products.<\/p>\n<p>[\/et_pb_text][\/et_pb_column][\/et_pb_row][\/et_pb_section][et_pb_section fb_built=&#8221;1&#8243; custom_padding_last_edited=&#8221;on|tablet&#8221; _builder_version=&#8221;4.16&#8243; _module_preset=&#8221;default&#8221; background_color=&#8221;#f5f5f5&#8243; custom_padding=&#8221;100px||100px||false|false&#8221; custom_padding_tablet=&#8221;50px||50px||true|false&#8221; custom_padding_phone=&#8221;&#8221; global_colors_info=&#8221;{}&#8221;][et_pb_row column_structure=&#8221;1_4,3_4&#8243; use_custom_gutter=&#8221;on&#8221; gutter_width=&#8221;1&#8243; make_equal=&#8221;on&#8221; _builder_version=&#8221;4.16&#8243; _module_preset=&#8221;default&#8221; custom_padding=&#8221;0px||0px||true|&#8221; global_colors_info=&#8221;{}&#8221;][et_pb_column type=&#8221;1_4&#8243; _builder_version=&#8221;4.16&#8243; _module_preset=&#8221;default&#8221; custom_padding=&#8221;|50px|||false|false&#8221; global_colors_info=&#8221;{}&#8221;][et_pb_text _builder_version=&#8221;4.16&#8243; _module_preset=&#8221;default&#8221; header_2_text_color=&#8221;#EDD83B&#8221; max_width=&#8221;350px&#8221; module_alignment=&#8221;left&#8221; custom_margin=&#8221;||15px||false|false&#8221; global_colors_info=&#8221;{}&#8221;]<\/p>\n<h3>A MEETING MOMENT<\/h3>\n<p>[\/et_pb_text][et_pb_text _builder_version=&#8221;4.23.2&#8243; _module_preset=&#8221;default&#8221; max_width=&#8221;250px&#8221; module_alignment=&#8221;left&#8221; custom_margin=&#8221;||50px||false|false&#8221; global_colors_info=&#8221;{}&#8221;]<\/p>\n<p style=\"font-weight: 400;\">Friendliness, the desire to reconnect and spend time together: the Fair is the opportunity to meet again after a year and exchange advice, smiles, and hugs.<\/p>\n<p style=\"font-weight: 400;\">The most awaited moment? La Veill\u00e0, the all-night celebration between January 30 and 31, when the streets of Aosta come alive with the cellars and their prized wines.<\/p>\n<p>[\/et_pb_text][\/et_pb_column][et_pb_column type=&#8221;3_4&#8243; _builder_version=&#8221;4.16&#8243; _module_preset=&#8221;default&#8221; custom_padding=&#8221;||||false|false&#8221; global_colors_info=&#8221;{}&#8221;][et_pb_gallery gallery_ids=&#8221;33325,33328,33331,33334,33319,33310,33307,33304,33301,33298,33295,33292,33289,33337,33340,33343,33346,33375,33378,33381,33384,33387&#8243; posts_number=&#8221;99&#8243; dbdb_version=&#8221;3.5.2&#8243; show_title_and_caption=&#8221;off&#8221; show_pagination=&#8221;off&#8221; _builder_version=&#8221;4.23.2&#8243; _module_preset=&#8221;default&#8221; custom_padding=&#8221;||||true|false&#8221; hover_enabled=&#8221;0&#8243; border_width_all=&#8221;5px&#8221; border_color_all=&#8221;#f5f5f5&#8243; global_colors_info=&#8221;{}&#8221; sticky_enabled=&#8221;0&#8243; locked=&#8221;off&#8221;][\/et_pb_gallery][\/et_pb_column][\/et_pb_row][\/et_pb_section]<\/p>\n","protected":false},"excerpt":{"rendered":"<p>The saint ours January 30 &#8211; 31, 2027One day, someone will ask you if it is possible to travel through time, to go back more than a thousand years. And you will answer yes. Every winter, in a valley of giants, the mountains come alive, releasing stories carved in wood, stone, and iron. A spell [&hellip;]<\/p>\n","protected":false},"author":7,"featured_media":0,"parent":0,"menu_order":0,"comment_status":"closed","ping_status":"closed","template":"","meta":{"_et_pb_use_builder":"on","_et_pb_old_content":"","_et_gb_content_width":"","footnotes":""},"archivio-pagine":[],"class_list":["post-30449","page","type-page","status-publish","hentry"],"yoast_head":"<!-- This site is optimized with the Yoast SEO plugin v25.5 - https:\/\/yoast.com\/wordpress\/plugins\/seo\/ -->\n<title>La Saint Ours - La fiera di Sant\u2019Orso di Aosta - Artigianato di tradizione<\/title>\n<meta name=\"description\" content=\"Un giorno qualcuno ti chieder\u00e0 se si pu\u00f2 viaggiare nel tempo, fino a tornare indietro di pi\u00f9 di mille anni. Allora tu dirai di s\u00ec, perch\u00e9 ...\" \/>\n<meta name=\"robots\" content=\"index, follow, max-snippet:-1, max-image-preview:large, max-video-preview:-1\" \/>\n<link rel=\"canonical\" href=\"https:\/\/www.lasaintours.it\/fr\/saintours-2026\/\" \/>\n<meta property=\"og:locale\" content=\"en_US\" \/>\n<meta property=\"og:type\" content=\"article\" \/>\n<meta property=\"og:title\" content=\"La Saint Ours - La fiera di Sant\u2019Orso di Aosta - Artigianato di tradizione\" \/>\n<meta property=\"og:description\" content=\"Un giorno qualcuno ti chieder\u00e0 se si pu\u00f2 viaggiare nel tempo, fino a tornare indietro di pi\u00f9 di mille anni. Allora tu dirai di s\u00ec, perch\u00e9 ...\" \/>\n<meta property=\"og:url\" content=\"https:\/\/www.lasaintours.it\/fr\/saintours-2026\/\" \/>\n<meta property=\"og:site_name\" content=\"La Saint Ours\" \/>\n<meta property=\"article:modified_time\" content=\"2026-02-20T10:45:57+00:00\" \/>\n<meta name=\"twitter:card\" content=\"summary_large_image\" \/>\n<meta name=\"twitter:label1\" content=\"Est. reading time\" \/>\n\t<meta name=\"twitter:data1\" content=\"4 minutes\" \/>\n<script type=\"application\/ld+json\" class=\"yoast-schema-graph\">{\"@context\":\"https:\/\/schema.org\",\"@graph\":[{\"@type\":\"WebPage\",\"@id\":\"https:\/\/www.lasaintours.it\/fr\/saintours-2026\/\",\"url\":\"https:\/\/www.lasaintours.it\/fr\/saintours-2026\/\",\"name\":\"La Saint Ours - La fiera di Sant\u2019Orso di Aosta - Artigianato di tradizione\",\"isPartOf\":{\"@id\":\"https:\/\/www.lasaintours.it\/#website\"},\"datePublished\":\"2025-02-19T10:44:16+00:00\",\"dateModified\":\"2026-02-20T10:45:57+00:00\",\"description\":\"Un giorno qualcuno ti chieder\u00e0 se si pu\u00f2 viaggiare nel tempo, fino a tornare indietro di pi\u00f9 di mille anni. Allora tu dirai di s\u00ec, perch\u00e9 ...\",\"inLanguage\":\"en-US\",\"potentialAction\":[{\"@type\":\"ReadAction\",\"target\":[\"https:\/\/www.lasaintours.it\/fr\/saintours-2026\/\"]}]},{\"@type\":\"WebSite\",\"@id\":\"https:\/\/www.lasaintours.it\/#website\",\"url\":\"https:\/\/www.lasaintours.it\/\",\"name\":\"La Saint Ours\",\"description\":\"Foire de Saint Ours\",\"potentialAction\":[{\"@type\":\"SearchAction\",\"target\":{\"@type\":\"EntryPoint\",\"urlTemplate\":\"https:\/\/www.lasaintours.it\/?s={search_term_string}\"},\"query-input\":{\"@type\":\"PropertyValueSpecification\",\"valueRequired\":true,\"valueName\":\"search_term_string\"}}],\"inLanguage\":\"en-US\"}]}<\/script>\n<!-- \/ Yoast SEO plugin. -->","yoast_head_json":{"title":"La Saint Ours - La fiera di Sant\u2019Orso di Aosta - Artigianato di tradizione","description":"Un giorno qualcuno ti chieder\u00e0 se si pu\u00f2 viaggiare nel tempo, fino a tornare indietro di pi\u00f9 di mille anni. Allora tu dirai di s\u00ec, perch\u00e9 ...","robots":{"index":"index","follow":"follow","max-snippet":"max-snippet:-1","max-image-preview":"max-image-preview:large","max-video-preview":"max-video-preview:-1"},"canonical":"https:\/\/www.lasaintours.it\/fr\/saintours-2026\/","og_locale":"en_US","og_type":"article","og_title":"La Saint Ours - La fiera di Sant\u2019Orso di Aosta - Artigianato di tradizione","og_description":"Un giorno qualcuno ti chieder\u00e0 se si pu\u00f2 viaggiare nel tempo, fino a tornare indietro di pi\u00f9 di mille anni. Allora tu dirai di s\u00ec, perch\u00e9 ...","og_url":"https:\/\/www.lasaintours.it\/fr\/saintours-2026\/","og_site_name":"La Saint Ours","article_modified_time":"2026-02-20T10:45:57+00:00","twitter_card":"summary_large_image","twitter_misc":{"Est. reading time":"4 minutes"},"schema":{"@context":"https:\/\/schema.org","@graph":[{"@type":"WebPage","@id":"https:\/\/www.lasaintours.it\/fr\/saintours-2026\/","url":"https:\/\/www.lasaintours.it\/fr\/saintours-2026\/","name":"La Saint Ours - La fiera di Sant\u2019Orso di Aosta - Artigianato di tradizione","isPartOf":{"@id":"https:\/\/www.lasaintours.it\/#website"},"datePublished":"2025-02-19T10:44:16+00:00","dateModified":"2026-02-20T10:45:57+00:00","description":"Un giorno qualcuno ti chieder\u00e0 se si pu\u00f2 viaggiare nel tempo, fino a tornare indietro di pi\u00f9 di mille anni. Allora tu dirai di s\u00ec, perch\u00e9 ...","inLanguage":"en-US","potentialAction":[{"@type":"ReadAction","target":["https:\/\/www.lasaintours.it\/fr\/saintours-2026\/"]}]},{"@type":"WebSite","@id":"https:\/\/www.lasaintours.it\/#website","url":"https:\/\/www.lasaintours.it\/","name":"La Saint Ours","description":"Foire de Saint Ours","potentialAction":[{"@type":"SearchAction","target":{"@type":"EntryPoint","urlTemplate":"https:\/\/www.lasaintours.it\/?s={search_term_string}"},"query-input":{"@type":"PropertyValueSpecification","valueRequired":true,"valueName":"search_term_string"}}],"inLanguage":"en-US"}]}},"_links":{"self":[{"href":"https:\/\/www.lasaintours.it\/en\/wp-json\/wp\/v2\/pages\/30449","targetHints":{"allow":["GET"]}}],"collection":[{"href":"https:\/\/www.lasaintours.it\/en\/wp-json\/wp\/v2\/pages"}],"about":[{"href":"https:\/\/www.lasaintours.it\/en\/wp-json\/wp\/v2\/types\/page"}],"author":[{"embeddable":true,"href":"https:\/\/www.lasaintours.it\/en\/wp-json\/wp\/v2\/users\/7"}],"replies":[{"embeddable":true,"href":"https:\/\/www.lasaintours.it\/en\/wp-json\/wp\/v2\/comments?post=30449"}],"version-history":[{"count":12,"href":"https:\/\/www.lasaintours.it\/en\/wp-json\/wp\/v2\/pages\/30449\/revisions"}],"predecessor-version":[{"id":33392,"href":"https:\/\/www.lasaintours.it\/en\/wp-json\/wp\/v2\/pages\/30449\/revisions\/33392"}],"wp:attachment":[{"href":"https:\/\/www.lasaintours.it\/en\/wp-json\/wp\/v2\/media?parent=30449"}],"wp:term":[{"taxonomy":"archivio-pagine","embeddable":true,"href":"https:\/\/www.lasaintours.it\/en\/wp-json\/wp\/v2\/archivio-pagine?post=30449"}],"curies":[{"name":"wp","href":"https:\/\/api.w.org\/{rel}","templated":true}]}}