
{"id":24443,"date":"2023-01-27T09:26:33","date_gmt":"2023-01-27T08:26:33","guid":{"rendered":"https:\/\/www.lasaintours.it\/?page_id=24443"},"modified":"2023-01-27T10:06:10","modified_gmt":"2023-01-27T09:06:10","slug":"affiches-de-la-foire","status":"publish","type":"page","link":"https:\/\/www.lasaintours.it\/fr\/affiches-de-la-foire\/","title":{"rendered":"Affiches de la Foire"},"content":{"rendered":"<p>[et_pb_section fb_built=\u00a0\u00bb1&Prime; custom_padding_last_edited=\u00a0\u00bbon|tablet\u00a0\u00bb module_id=\u00a0\u00bbsfondo1&Prime; module_class=\u00a0\u00bbsfondo1&Prime; _builder_version=\u00a0\u00bb4.16&Prime; background_color=\u00a0\u00bb#efd44c\u00a0\u00bb background_color_gradient_direction=\u00a0\u00bb145deg\u00a0\u00bb custom_padding=\u00a0\u00bb75px||0px||false|false\u00a0\u00bb custom_padding_tablet=\u00a0\u00bb50px||||false|false\u00a0\u00bb custom_padding_phone=\u00a0\u00bb\u00a0\u00bb locked=\u00a0\u00bboff\u00a0\u00bb global_colors_info=\u00a0\u00bb{}\u00a0\u00bb][et_pb_row column_structure=\u00a0\u00bb2_5,3_5&Prime; use_custom_gutter=\u00a0\u00bbon\u00a0\u00bb gutter_width=\u00a0\u00bb1&Prime; make_equal=\u00a0\u00bbon\u00a0\u00bb _builder_version=\u00a0\u00bb4.16&Prime; module_alignment=\u00a0\u00bbcenter\u00a0\u00bb custom_padding=\u00a0\u00bb0px||0px||true|\u00a0\u00bb global_colors_info=\u00a0\u00bb{}\u00a0\u00bb][et_pb_column type=\u00a0\u00bb2_5&Prime; _builder_version=\u00a0\u00bb4.16&Prime; custom_padding=\u00a0\u00bb||||false|false\u00a0\u00bb custom_padding_tablet=\u00a0\u00bb||50px||false|false\u00a0\u00bb custom_padding_phone=\u00a0\u00bb\u00a0\u00bb custom_padding_last_edited=\u00a0\u00bbon|tablet\u00a0\u00bb global_colors_info=\u00a0\u00bb{}\u00a0\u00bb][et_pb_text _builder_version=\u00a0\u00bb4.17.3&Prime; header_text_color=\u00a0\u00bb#222222&Prime; custom_margin=\u00a0\u00bb||20px||false|false\u00a0\u00bb global_colors_info=\u00a0\u00bb{}\u00a0\u00bb]<\/p>\n<h1 style=\"text-align: left;\">Affiches<br \/>\nde la Foire<\/h1>\n<p>[\/et_pb_text][et_pb_divider color=\u00a0\u00bb#222222&Prime; _builder_version=\u00a0\u00bb4.16&Prime; _module_preset=\u00a0\u00bbdefault\u00a0\u00bb max_width=\u00a0\u00bb500px\u00a0\u00bb module_alignment=\u00a0\u00bbleft\u00a0\u00bb custom_margin=\u00a0\u00bb10px||0px||false|false\u00a0\u00bb global_colors_info=\u00a0\u00bb{}\u00a0\u00bb][\/et_pb_divider][et_pb_text _builder_version=\u00a0\u00bb4.17.3&Prime; header_text_color=\u00a0\u00bb#FFFFFF\u00a0\u00bb global_colors_info=\u00a0\u00bb{}\u00a0\u00bb]<\/p>\n<h3 style=\"text-align: left;\">Les affiches de la Foire de Donnas et<br \/>de la 1023e Foire de Saint-Ours<\/h3>\n<p>[\/et_pb_text][et_pb_divider color=\u00a0\u00bb#222222&Prime; _builder_version=\u00a0\u00bb4.16&Prime; _module_preset=\u00a0\u00bbdefault\u00a0\u00bb max_width=\u00a0\u00bb500px\u00a0\u00bb module_alignment=\u00a0\u00bbleft\u00a0\u00bb custom_margin=\u00a0\u00bb10px||10px||true|false\u00a0\u00bb global_colors_info=\u00a0\u00bb{}\u00a0\u00bb][\/et_pb_divider][et_pb_text _builder_version=\u00a0\u00bb4.17.3&Prime; _module_preset=\u00a0\u00bbdefault\u00a0\u00bb text_text_color=\u00a0\u00bb#222222&Prime; max_width=\u00a0\u00bb250px\u00a0\u00bb module_alignment=\u00a0\u00bbleft\u00a0\u00bb custom_margin=\u00a0\u00bb||35px||false|false\u00a0\u00bb global_colors_info=\u00a0\u00bb{}\u00a0\u00bb]<\/p>\n<p>Pour la r\u00e9alisation des affiches, l\u2019atelier graphique Seghesio Grivon d&rsquo;Aoste, qui s&rsquo;est vu confier la communication et la promotion des manifestations de l\u2019artisanat de tradition, a propos\u00e9 d&rsquo;associer le Lyc\u00e9e classique, artistique et musical  d&rsquo;Aoste et la Scuola Internazionale di Comics de Turin.<\/p>\n<p>[\/et_pb_text][et_pb_image src=\u00a0\u00bbhttps:\/\/www.lasaintours.it\/wp-content\/uploads\/2021\/06\/icona-pittogrammi-4.png\u00a0\u00bb alt=\u00a0\u00bbLa Saint-Ours\u00a0\u00bb title_text=\u00a0\u00bbLa Saint-Ours\u00a0\u00bb _builder_version=\u00a0\u00bb4.16&Prime; _module_preset=\u00a0\u00bbdefault\u00a0\u00bb max_width=\u00a0\u00bb50px\u00a0\u00bb custom_margin=\u00a0\u00bb||||false|false\u00a0\u00bb custom_padding=\u00a0\u00bb||50px||false|false\u00a0\u00bb custom_padding_tablet=\u00a0\u00bb||0px||false|false\u00a0\u00bb custom_padding_phone=\u00a0\u00bb\u00a0\u00bb custom_padding_last_edited=\u00a0\u00bbon|tablet\u00a0\u00bb animation_style=\u00a0\u00bbroll\u00a0\u00bb locked=\u00a0\u00bboff\u00a0\u00bb global_colors_info=\u00a0\u00bb{}\u00a0\u00bb][\/et_pb_image][\/et_pb_column][et_pb_column type=\u00a0\u00bb3_5&Prime; _builder_version=\u00a0\u00bb4.16&Prime; custom_padding=\u00a0\u00bb||||false\u00a0\u00bb custom_padding_tablet=\u00a0\u00bb||0px||false|false\u00a0\u00bb custom_padding_phone=\u00a0\u00bb\u00a0\u00bb custom_padding_last_edited=\u00a0\u00bbon|tablet\u00a0\u00bb global_colors_info=\u00a0\u00bb{}\u00a0\u00bb][et_pb_image src=\u00a0\u00bbhttps:\/\/www.lasaintours.it\/wp-content\/uploads\/2022\/11\/logo-foire-2023.png\u00a0\u00bb alt=\u00a0\u00bbLa Saint Ours\u00a0\u00bb title_text=\u00a0\u00bbLa Saint Ours\u00a0\u00bb disabled_on=\u00a0\u00bboff|off|off\u00a0\u00bb _builder_version=\u00a0\u00bb4.17.3&Prime; _module_preset=\u00a0\u00bbdefault\u00a0\u00bb transform_scale_tablet=\u00a0\u00bb\u00a0\u00bb transform_scale_phone=\u00a0\u00bb\u00a0\u00bb transform_scale_last_edited=\u00a0\u00bbon|desktop\u00a0\u00bb transform_translate_tablet=\u00a0\u00bb0px|0px\u00a0\u00bb transform_translate_phone=\u00a0\u00bb\u00a0\u00bb transform_translate_last_edited=\u00a0\u00bbon|tablet\u00a0\u00bb transform_translate_linked=\u00a0\u00bboff\u00a0\u00bb transform_rotate_tablet=\u00a0\u00bb\u00a0\u00bb transform_rotate_phone=\u00a0\u00bb\u00a0\u00bb transform_rotate_last_edited=\u00a0\u00bbon|desktop\u00a0\u00bb transform_skew_tablet=\u00a0\u00bb\u00a0\u00bb transform_skew_phone=\u00a0\u00bb\u00a0\u00bb transform_skew_last_edited=\u00a0\u00bbon|desktop\u00a0\u00bb transform_origin_tablet=\u00a0\u00bb\u00a0\u00bb transform_origin_phone=\u00a0\u00bb\u00a0\u00bb transform_origin_last_edited=\u00a0\u00bbon|desktop\u00a0\u00bb transform_styles_last_edited=\u00a0\u00bbon|tablet\u00a0\u00bb z_index=\u00a0\u00bb500&Prime; max_width=\u00a0\u00bb600px\u00a0\u00bb max_width_tablet=\u00a0\u00bb200px\u00a0\u00bb max_width_phone=\u00a0\u00bb200px\u00a0\u00bb max_width_last_edited=\u00a0\u00bbon|phone\u00a0\u00bb module_alignment=\u00a0\u00bbcenter\u00a0\u00bb custom_margin=\u00a0\u00bb75px||0px||false|false\u00a0\u00bb custom_padding=\u00a0\u00bb||0px||false|false\u00a0\u00bb animation_style=\u00a0\u00bbslide\u00a0\u00bb animation_direction=\u00a0\u00bbright\u00a0\u00bb transform_styles_tablet=\u00a0\u00bb\u00a0\u00bb transform_styles_phone=\u00a0\u00bb\u00a0\u00bb global_module=\u00a0\u00bb715&Prime; global_colors_info=\u00a0\u00bb{}\u00a0\u00bb][\/et_pb_image][\/et_pb_column][\/et_pb_row][\/et_pb_section][et_pb_section fb_built=\u00a0\u00bb1&Prime; custom_padding_last_edited=\u00a0\u00bbon|tablet\u00a0\u00bb module_id=\u00a0\u00bbsfondo1&Prime; module_class=\u00a0\u00bbsfondo1&Prime; _builder_version=\u00a0\u00bb4.16&Prime; _module_preset=\u00a0\u00bbdefault\u00a0\u00bb background_color=\u00a0\u00bb#efd44c\u00a0\u00bb background_enable_image=\u00a0\u00bboff\u00a0\u00bb custom_padding=\u00a0\u00bb0px||100px||false|false\u00a0\u00bb custom_padding_tablet=\u00a0\u00bb||50px||false|false\u00a0\u00bb custom_padding_phone=\u00a0\u00bb\u00a0\u00bb locked=\u00a0\u00bboff\u00a0\u00bb global_colors_info=\u00a0\u00bb{}\u00a0\u00bb][et_pb_row use_custom_gutter=\u00a0\u00bbon\u00a0\u00bb gutter_width=\u00a0\u00bb1&Prime; make_equal=\u00a0\u00bbon\u00a0\u00bb _builder_version=\u00a0\u00bb4.17.3&Prime; _module_preset=\u00a0\u00bbdefault\u00a0\u00bb background_image=\u00a0\u00bbhttps:\/\/www.lasaintours.it\/wp-content\/uploads\/2023\/01\/la-saint-ours-aosta-2023.jpg\u00a0\u00bb parallax=\u00a0\u00bbon\u00a0\u00bb custom_padding=\u00a0\u00bb0px||0px||true|\u00a0\u00bb global_colors_info=\u00a0\u00bb{}\u00a0\u00bb][et_pb_column type=\u00a0\u00bb4_4&Prime; _builder_version=\u00a0\u00bb4.16&Prime; _module_preset=\u00a0\u00bbdefault\u00a0\u00bb background_enable_color=\u00a0\u00bboff\u00a0\u00bb background_enable_image=\u00a0\u00bboff\u00a0\u00bb custom_padding=\u00a0\u00bb250px||250px||true|true\u00a0\u00bb custom_padding_tablet=\u00a0\u00bb150px||150px||true|true\u00a0\u00bb custom_padding_phone=\u00a0\u00bb\u00a0\u00bb custom_padding_last_edited=\u00a0\u00bbon|tablet\u00a0\u00bb global_colors_info=\u00a0\u00bb{}\u00a0\u00bb][et_pb_divider show_divider=\u00a0\u00bboff\u00a0\u00bb _builder_version=\u00a0\u00bb4.16&Prime; _module_preset=\u00a0\u00bbdefault\u00a0\u00bb global_colors_info=\u00a0\u00bb{}\u00a0\u00bb][\/et_pb_divider][\/et_pb_column][\/et_pb_row][et_pb_row column_structure=\u00a0\u00bb1_3,1_3,1_3&Prime; _builder_version=\u00a0\u00bb4.17.3&Prime; _module_preset=\u00a0\u00bbdefault\u00a0\u00bb custom_padding=\u00a0\u00bb0px||0px|||\u00a0\u00bb locked=\u00a0\u00bboff\u00a0\u00bb global_colors_info=\u00a0\u00bb{}\u00a0\u00bb][et_pb_column type=\u00a0\u00bb1_3&Prime; _builder_version=\u00a0\u00bb4.16&Prime; _module_preset=\u00a0\u00bbdefault\u00a0\u00bb global_colors_info=\u00a0\u00bb{}\u00a0\u00bb][et_pb_image src=\u00a0\u00bbhttps:\/\/www.lasaintours.it\/wp-content\/uploads\/2023\/01\/fra-manifesto.jpg\u00a0\u00bb alt=\u00a0\u00bbArtisanat de Tradition &#8211; La Saint Ours\u00a0\u00bb title_text=\u00a0\u00bbFra Manifesto\u00a0\u00bb _builder_version=\u00a0\u00bb4.17.3&Prime; _module_preset=\u00a0\u00bbdefault\u00a0\u00bb background_color=\u00a0\u00bb#FFFFFF\u00a0\u00bb animation_style=\u00a0\u00bbslide\u00a0\u00bb animation_direction=\u00a0\u00bbright\u00a0\u00bb hover_enabled=\u00a0\u00bb0&Prime; global_colors_info=\u00a0\u00bb{}\u00a0\u00bb sticky_enabled=\u00a0\u00bb0&Prime;][\/et_pb_image][\/et_pb_column][et_pb_column type=\u00a0\u00bb1_3&Prime; _builder_version=\u00a0\u00bb4.16&Prime; _module_preset=\u00a0\u00bbdefault\u00a0\u00bb custom_padding=\u00a0\u00bb50px||0px||false|false\u00a0\u00bb global_colors_info=\u00a0\u00bb{}\u00a0\u00bb][et_pb_text _builder_version=\u00a0\u00bb4.16&Prime; _module_preset=\u00a0\u00bbdefault\u00a0\u00bb text_text_color=\u00a0\u00bb#222222&Prime; custom_margin=\u00a0\u00bb||30px|||\u00a0\u00bb custom_padding=\u00a0\u00bb||15px||false|false\u00a0\u00bb border_width_bottom=\u00a0\u00bb1px\u00a0\u00bb global_colors_info=\u00a0\u00bb{}\u00a0\u00bb]<\/p>\n<h3>Les deux projets<\/h3>\n<p>[\/et_pb_text][et_pb_text _builder_version=\u00a0\u00bb4.17.3&Prime; _module_preset=\u00a0\u00bbdefault\u00a0\u00bb text_text_color=\u00a0\u00bb#222222&Prime; custom_margin=\u00a0\u00bb||30px|||\u00a0\u00bb custom_padding=\u00a0\u00bb||||false|false\u00a0\u00bb global_colors_info=\u00a0\u00bb{}\u00a0\u00bb]<\/p>\n<p>Apr\u00e8s la pr\u00e9sentation du projet, les \u00e9l\u00e8ves se sont lanc\u00e9s \u00e0 la d\u00e9couverte de cet univers d&rsquo;artisanat traditionnel, de partage et de f\u00eate, inconnu pour beaucoup d\u2019entre eux.\u2028La recherche d&rsquo;une id\u00e9e \u00e0 d\u00e9velopper dans les affiches a \u00e9t\u00e9 un moment intense et souvent complexe. L&rsquo;objectif \u00e9tait de raconter l&rsquo;histoire des \u00e9v\u00e9nements d&rsquo;une mani\u00e8re non descriptive, en trouvant un moyen conceptuel et \u00e9vocateur qui puisse toucher un large public.<\/p>\n<p>Les \u00e9l\u00e8ves ont effectu\u00e9 des recherches minutieuses sur l&rsquo;histoire, les origines, les \u00e9volutions et les curiosit\u00e9s des deux \u00e9v\u00e9nements, construisant des images et s\u00e9lectionnant, le\u00e7on apr\u00e8s le\u00e7on, les pistes graphiques \u00e0 conserver et celles \u00e0 \u00e9liminer, dans un dialogue constant avec le professeur pour r\u00e9aliser au mieux ce passage d\u00e9licat.<\/p>\n<p>Une fois l\u2019id\u00e9e retenue, les \u00e9l\u00e8ves l&rsquo;ont \u00e9tudi\u00e9e du point de vue graphique. Tout d&rsquo;abord, il s&rsquo;agissait de cr\u00e9er une image solide et soign\u00e9e dans les d\u00e9tails, puis d&rsquo;essayer de la raconter \u00e0 l&rsquo;aide d&rsquo;une palette de couleurs et d&rsquo;une technique susceptibles d\u2019\u00e9voquer  \u00e0 leurs yeux l\u2019esprit de la Foire. Certains d&rsquo;entre eux ont exp\u00e9riment\u00e9 de nouvelles options techniques. D&rsquo;autres ont privil\u00e9gi\u00e9 leur passion pour une technique de peinture qu&rsquo;ils avaient d\u00e9j\u00e0 d\u00e9velopp\u00e9e pendant leur premi\u00e8re ann\u00e9e d&rsquo;\u00e9tudes.<\/p>\n<p>[\/et_pb_text][\/et_pb_column][et_pb_column type=\u00a0\u00bb1_3&Prime; _builder_version=\u00a0\u00bb4.16&Prime; _module_preset=\u00a0\u00bbdefault\u00a0\u00bb custom_padding=\u00a0\u00bb50px||0px||false|false\u00a0\u00bb global_colors_info=\u00a0\u00bb{}\u00a0\u00bb][et_pb_text _builder_version=\u00a0\u00bb4.16&Prime; _module_preset=\u00a0\u00bbdefault\u00a0\u00bb text_text_color=\u00a0\u00bb#222222&Prime; custom_margin=\u00a0\u00bb||30px|||\u00a0\u00bb custom_padding=\u00a0\u00bb||15px||false|false\u00a0\u00bb border_width_bottom=\u00a0\u00bb1px\u00a0\u00bb global_colors_info=\u00a0\u00bb{}\u00a0\u00bb]<\/p>\n<h3>Entre art et illustrations<\/h3>\n<p>[\/et_pb_text][et_pb_text _builder_version=\u00a0\u00bb4.17.3&Prime; _module_preset=\u00a0\u00bbdefault\u00a0\u00bb text_text_color=\u00a0\u00bb#222222&Prime; custom_margin=\u00a0\u00bb||30px|||\u00a0\u00bb custom_padding=\u00a0\u00bb||||false|false\u00a0\u00bb global_colors_info=\u00a0\u00bb{}\u00a0\u00bb]<\/p>\n<p>Le r\u00e9sultat de ce cours sont les 17 illustrations que vous trouverez expos\u00e9es durant la Foire mill\u00e9naire.<\/p>\n<p>L&rsquo;illustration de l&rsquo;affiche retenue pour la Foire de Donnas est l\u2019\u0153uvre de Miklos Ioana Ancuta.<\/p>\n<p>L&rsquo;image repr\u00e9sente une femme qui r\u00e9alise une dentelle aux fuseaux\u00a0: elle comme la dentelle deviennent partie int\u00e9grante du lieu\u00a0; la large robe se transforme en paysage de montagne et la d\u00e9licate dentelle en fleuve sinueux. Ainsi l&rsquo;artisanat se caract\u00e9rise-t-il comme un \u00e9l\u00e9ment indissociable entre l&rsquo;homme et le milieu naturel.<\/p>\n<p>L&rsquo;illustration de l&rsquo;affiche choisie pour la Foire de Saint-Ours est l&rsquo;\u0153uvre de Davide Arena, un \u00e9l\u00e8ve de l&rsquo;une des classes ayant particip\u00e9 au projet.<\/p>\n<p>L&rsquo;image repr\u00e9sente la section d&rsquo;un tronc qui se d\u00e9veloppe vers l&rsquo;ext\u00e9rieur, autour de son noyau : il s\u2019agit de saint Ours avec ses caract\u00e9ristiques iconographiques. Les anneaux ext\u00e9rieurs se forment ann\u00e9e apr\u00e8s ann\u00e9e : ce sont les \u00e9l\u00e9ments qui connotent notre territoire, les objets de la tradition, originaux ou retravaill\u00e9s, et les personnages que nous voyons aujourd&rsquo;hui \u00e0 la Foire.<\/p>\n<p>L&rsquo;arbre est vu en coupe, mais ce n&rsquo;est pas un arbre abattu, mort, mais au contraire un arbre vivant, produisant encore des branches et des feuilles. Quel meilleur v\u0153u pour la Foire de Saint-Ours ?<\/p>\n<p>[\/et_pb_text][et_pb_button button_url=\u00a0\u00bbhttps:\/\/www.lasaintours.it\/wp-content\/uploads\/2023\/01\/manifesti.pdf\u00a0\u00bb url_new_window=\u00a0\u00bbon\u00a0\u00bb button_text=\u00a0\u00bbT\u00e9l\u00e9charger les affiches\u00a0\u00bb _builder_version=\u00a0\u00bb4.17.3&Prime; _module_preset=\u00a0\u00bbdefault\u00a0\u00bb global_colors_info=\u00a0\u00bb{}\u00a0\u00bb][\/et_pb_button][\/et_pb_column][\/et_pb_row][\/et_pb_section]<\/p>\n","protected":false},"excerpt":{"rendered":"<p>Affiches de la Foire Les affiches de la Foire de Donnas etde la 1023e Foire de Saint-Ours Pour la r\u00e9alisation des affiches, l\u2019atelier graphique Seghesio Grivon d&rsquo;Aoste, qui s&rsquo;est vu confier la communication et la promotion des manifestations de l\u2019artisanat de tradition, a propos\u00e9 d&rsquo;associer le Lyc\u00e9e classique, artistique et musical d&rsquo;Aoste et la Scuola [&hellip;]<\/p>\n","protected":false},"author":1,"featured_media":0,"parent":0,"menu_order":0,"comment_status":"closed","ping_status":"closed","template":"","meta":{"_et_pb_use_builder":"on","_et_pb_old_content":"","_et_gb_content_width":"","footnotes":""},"archivio-pagine":[],"class_list":["post-24443","page","type-page","status-publish","hentry"],"yoast_head":"<!-- This site is optimized with the Yoast SEO plugin v25.5 - https:\/\/yoast.com\/wordpress\/plugins\/seo\/ -->\n<title>Affiches de la Foire - La Saint ours<\/title>\n<meta name=\"description\" content=\"Pour la r\u00e9alisation des affiches, l\u2019atelier graphique Seghesio Grivon d&#039;Aoste, qui s&#039;est vu confier ...\" \/>\n<meta name=\"robots\" content=\"index, follow, max-snippet:-1, max-image-preview:large, max-video-preview:-1\" \/>\n<link rel=\"canonical\" href=\"https:\/\/www.lasaintours.it\/fr\/affiches-de-la-foire\/\" \/>\n<meta property=\"og:locale\" content=\"fr_FR\" \/>\n<meta property=\"og:type\" content=\"article\" \/>\n<meta property=\"og:title\" content=\"Affiches de la Foire - La Saint ours\" \/>\n<meta property=\"og:description\" content=\"Pour la r\u00e9alisation des affiches, l\u2019atelier graphique Seghesio Grivon d&#039;Aoste, qui s&#039;est vu confier ...\" \/>\n<meta property=\"og:url\" content=\"https:\/\/www.lasaintours.it\/fr\/affiches-de-la-foire\/\" \/>\n<meta property=\"og:site_name\" content=\"La Saint Ours\" \/>\n<meta property=\"article:modified_time\" content=\"2023-01-27T09:06:10+00:00\" \/>\n<meta name=\"twitter:card\" content=\"summary_large_image\" \/>\n<meta name=\"twitter:label1\" content=\"Dur\u00e9e de lecture estim\u00e9e\" \/>\n\t<meta name=\"twitter:data1\" content=\"7 minutes\" \/>\n<script type=\"application\/ld+json\" class=\"yoast-schema-graph\">{\"@context\":\"https:\/\/schema.org\",\"@graph\":[{\"@type\":\"WebPage\",\"@id\":\"https:\/\/www.lasaintours.it\/fr\/affiches-de-la-foire\/\",\"url\":\"https:\/\/www.lasaintours.it\/fr\/affiches-de-la-foire\/\",\"name\":\"Affiches de la Foire - La Saint ours\",\"isPartOf\":{\"@id\":\"https:\/\/www.lasaintours.it\/#website\"},\"datePublished\":\"2023-01-27T08:26:33+00:00\",\"dateModified\":\"2023-01-27T09:06:10+00:00\",\"description\":\"Pour la r\u00e9alisation des affiches, l\u2019atelier graphique Seghesio Grivon d'Aoste, qui s'est vu confier ...\",\"inLanguage\":\"fr-FR\",\"potentialAction\":[{\"@type\":\"ReadAction\",\"target\":[\"https:\/\/www.lasaintours.it\/fr\/affiches-de-la-foire\/\"]}]},{\"@type\":\"WebSite\",\"@id\":\"https:\/\/www.lasaintours.it\/#website\",\"url\":\"https:\/\/www.lasaintours.it\/\",\"name\":\"La Saint Ours\",\"description\":\"Foire de Saint Ours\",\"potentialAction\":[{\"@type\":\"SearchAction\",\"target\":{\"@type\":\"EntryPoint\",\"urlTemplate\":\"https:\/\/www.lasaintours.it\/?s={search_term_string}\"},\"query-input\":{\"@type\":\"PropertyValueSpecification\",\"valueRequired\":true,\"valueName\":\"search_term_string\"}}],\"inLanguage\":\"fr-FR\"}]}<\/script>\n<!-- \/ Yoast SEO plugin. -->","yoast_head_json":{"title":"Affiches de la Foire - La Saint ours","description":"Pour la r\u00e9alisation des affiches, l\u2019atelier graphique Seghesio Grivon d'Aoste, qui s'est vu confier ...","robots":{"index":"index","follow":"follow","max-snippet":"max-snippet:-1","max-image-preview":"max-image-preview:large","max-video-preview":"max-video-preview:-1"},"canonical":"https:\/\/www.lasaintours.it\/fr\/affiches-de-la-foire\/","og_locale":"fr_FR","og_type":"article","og_title":"Affiches de la Foire - La Saint ours","og_description":"Pour la r\u00e9alisation des affiches, l\u2019atelier graphique Seghesio Grivon d'Aoste, qui s'est vu confier ...","og_url":"https:\/\/www.lasaintours.it\/fr\/affiches-de-la-foire\/","og_site_name":"La Saint Ours","article_modified_time":"2023-01-27T09:06:10+00:00","twitter_card":"summary_large_image","twitter_misc":{"Dur\u00e9e de lecture estim\u00e9e":"7 minutes"},"schema":{"@context":"https:\/\/schema.org","@graph":[{"@type":"WebPage","@id":"https:\/\/www.lasaintours.it\/fr\/affiches-de-la-foire\/","url":"https:\/\/www.lasaintours.it\/fr\/affiches-de-la-foire\/","name":"Affiches de la Foire - La Saint ours","isPartOf":{"@id":"https:\/\/www.lasaintours.it\/#website"},"datePublished":"2023-01-27T08:26:33+00:00","dateModified":"2023-01-27T09:06:10+00:00","description":"Pour la r\u00e9alisation des affiches, l\u2019atelier graphique Seghesio Grivon d'Aoste, qui s'est vu confier ...","inLanguage":"fr-FR","potentialAction":[{"@type":"ReadAction","target":["https:\/\/www.lasaintours.it\/fr\/affiches-de-la-foire\/"]}]},{"@type":"WebSite","@id":"https:\/\/www.lasaintours.it\/#website","url":"https:\/\/www.lasaintours.it\/","name":"La Saint Ours","description":"Foire de Saint Ours","potentialAction":[{"@type":"SearchAction","target":{"@type":"EntryPoint","urlTemplate":"https:\/\/www.lasaintours.it\/?s={search_term_string}"},"query-input":{"@type":"PropertyValueSpecification","valueRequired":true,"valueName":"search_term_string"}}],"inLanguage":"fr-FR"}]}},"_links":{"self":[{"href":"https:\/\/www.lasaintours.it\/fr\/wp-json\/wp\/v2\/pages\/24443","targetHints":{"allow":["GET"]}}],"collection":[{"href":"https:\/\/www.lasaintours.it\/fr\/wp-json\/wp\/v2\/pages"}],"about":[{"href":"https:\/\/www.lasaintours.it\/fr\/wp-json\/wp\/v2\/types\/page"}],"author":[{"embeddable":true,"href":"https:\/\/www.lasaintours.it\/fr\/wp-json\/wp\/v2\/users\/1"}],"replies":[{"embeddable":true,"href":"https:\/\/www.lasaintours.it\/fr\/wp-json\/wp\/v2\/comments?post=24443"}],"version-history":[{"count":6,"href":"https:\/\/www.lasaintours.it\/fr\/wp-json\/wp\/v2\/pages\/24443\/revisions"}],"predecessor-version":[{"id":25009,"href":"https:\/\/www.lasaintours.it\/fr\/wp-json\/wp\/v2\/pages\/24443\/revisions\/25009"}],"wp:attachment":[{"href":"https:\/\/www.lasaintours.it\/fr\/wp-json\/wp\/v2\/media?parent=24443"}],"wp:term":[{"taxonomy":"archivio-pagine","embeddable":true,"href":"https:\/\/www.lasaintours.it\/fr\/wp-json\/wp\/v2\/archivio-pagine?post=24443"}],"curies":[{"name":"wp","href":"https:\/\/api.w.org\/{rel}","templated":true}]}}