
{"id":28928,"date":"2024-07-05T08:09:54","date_gmt":"2024-07-05T06:09:54","guid":{"rendered":"https:\/\/www.lasaintours.it\/71-exposition-concours-et-foire-festival\/"},"modified":"2025-07-24T09:46:50","modified_gmt":"2025-07-24T07:46:50","slug":"71-exposition-concours-et-foire-festival","status":"publish","type":"page","link":"https:\/\/www.lasaintours.it\/fr\/71-exposition-concours-et-foire-festival\/","title":{"rendered":"71 exposition concours et foire festival"},"content":{"rendered":"<p>[et_pb_section fb_built=\u00a0\u00bb1&Prime; custom_padding_last_edited=\u00a0\u00bbon|tablet\u00a0\u00bb module_id=\u00a0\u00bb2831&Prime; module_class=\u00a0\u00bb2831&Prime; _builder_version=\u00a0\u00bb4.23.2&Prime; _module_preset=\u00a0\u00bbdefault\u00a0\u00bb background_color=\u00a0\u00bb#29253c\u00a0\u00bb custom_padding=\u00a0\u00bb50px||50px||true|false\u00a0\u00bb custom_padding_tablet=\u00a0\u00bb50px||50px||true|false\u00a0\u00bb custom_padding_phone=\u00a0\u00bb\u00a0\u00bb locked=\u00a0\u00bboff\u00a0\u00bb global_colors_info=\u00a0\u00bb{}\u00a0\u00bb][et_pb_row column_structure=\u00a0\u00bb1_3,1_3,1_3&Prime; module_id=\u00a0\u00bb28293031&Prime; _builder_version=\u00a0\u00bb4.23.2&Prime; _module_preset=\u00a0\u00bbdefault\u00a0\u00bb custom_margin=\u00a0\u00bb||||false|false\u00a0\u00bb custom_padding=\u00a0\u00bb0px||40px||false|false\u00a0\u00bb locked=\u00a0\u00bboff\u00a0\u00bb global_colors_info=\u00a0\u00bb{}\u00a0\u00bb][et_pb_column type=\u00a0\u00bb1_3&Prime; _builder_version=\u00a0\u00bb4.16&Prime; _module_preset=\u00a0\u00bbdefault\u00a0\u00bb global_colors_info=\u00a0\u00bb{}\u00a0\u00bb][et_pb_image src=\u00a0\u00bbhttps:\/\/www.lasaintours.it\/wp-content\/uploads\/2025\/07\/Aosta_-_Place_Emile_Chanuox.jpg\u00a0\u00bb alt=\u00a0\u00bbLa Saint Ours\u00a0\u00bb title_text=\u00a0\u00bbAosta_-_Place_Emile_Chanuox\u00a0\u00bb _builder_version=\u00a0\u00bb4.23.2&Prime; _module_preset=\u00a0\u00bbdefault\u00a0\u00bb animation_style=\u00a0\u00bbslide\u00a0\u00bb animation_direction=\u00a0\u00bbright\u00a0\u00bb global_colors_info=\u00a0\u00bb{}\u00a0\u00bb][\/et_pb_image][\/et_pb_column][et_pb_column type=\u00a0\u00bb1_3&Prime; _builder_version=\u00a0\u00bb4.23.2&Prime; _module_preset=\u00a0\u00bbdefault\u00a0\u00bb custom_padding=\u00a0\u00bb||0px||false|false\u00a0\u00bb global_colors_info=\u00a0\u00bb{}\u00a0\u00bb][et_pb_text disabled_on=\u00a0\u00bboff|off|off\u00a0\u00bb _builder_version=\u00a0\u00bb4.23.2&Prime; _module_preset=\u00a0\u00bbdefault\u00a0\u00bb text_font=\u00a0\u00bb|||on|||||\u00a0\u00bb text_text_color=\u00a0\u00bb#FFFFFF\u00a0\u00bb header_text_color=\u00a0\u00bb#FFFFFF\u00a0\u00bb custom_margin=\u00a0\u00bb||35px||false|false\u00a0\u00bb custom_padding=\u00a0\u00bb||||false|false\u00a0\u00bb global_colors_info=\u00a0\u00bb{}\u00a0\u00bb]<\/p>\n<h1><strong>SOIR\u00c9ES AVEC LES CH\u0152URS DE LA VALL\u00c9E D&rsquo;AOSTE<\/strong><br \/><strong>ET AVANT-PREMI\u00c8RES<\/strong><br \/><strong>\u00c9V\u00c9NEMENTS D&rsquo;\u00c9T\u00c9 DANS LA VILLE<\/strong><br \/>PLACE CHANOUX<\/h1>\n<p>[\/et_pb_text][et_pb_text disabled_on=\u00a0\u00bboff|off|off\u00a0\u00bb _builder_version=\u00a0\u00bb4.23.2&Prime; _module_preset=\u00a0\u00bbdefault\u00a0\u00bb text_font=\u00a0\u00bb||||||||\u00a0\u00bb text_text_color=\u00a0\u00bb#FFFFFF\u00a0\u00bb custom_margin=\u00a0\u00bb||35px||false|false\u00a0\u00bb custom_padding=\u00a0\u00bb||||false|false\u00a0\u00bb locked=\u00a0\u00bboff\u00a0\u00bb global_colors_info=\u00a0\u00bb{}\u00a0\u00bb]<\/p>\n<p>Neuf soir\u00e9es de projections,<br \/>concerts et jeux sur la place du village<\/p>\n<p>[\/et_pb_text][\/et_pb_column][et_pb_column type=\u00a0\u00bb1_3&Prime; _builder_version=\u00a0\u00bb4.23.2&Prime; _module_preset=\u00a0\u00bbdefault\u00a0\u00bb custom_padding=\u00a0\u00bb||||false|false\u00a0\u00bb custom_padding_tablet=\u00a0\u00bb0px||0px||false|false\u00a0\u00bb custom_padding_last_edited=\u00a0\u00bboff|desktop\u00a0\u00bb global_colors_info=\u00a0\u00bb{}\u00a0\u00bb][et_pb_text _builder_version=\u00a0\u00bb4.23.2&Prime; _module_preset=\u00a0\u00bbdefault\u00a0\u00bb text_font=\u00a0\u00bb|||on|||||\u00a0\u00bb text_text_color=\u00a0\u00bb#FFFFFF\u00a0\u00bb header_3_font=\u00a0\u00bb|||on|||||\u00a0\u00bb custom_margin=\u00a0\u00bb||||false|false\u00a0\u00bb custom_margin_tablet=\u00a0\u00bb||30px||false|false\u00a0\u00bb custom_margin_phone=\u00a0\u00bb||30px||false|false\u00a0\u00bb custom_margin_last_edited=\u00a0\u00bboff|desktop\u00a0\u00bb custom_padding=\u00a0\u00bb||||false|false\u00a0\u00bb border_color_bottom=\u00a0\u00bb#FFFFFF\u00a0\u00bb global_colors_info=\u00a0\u00bb{}\u00a0\u00bb]<\/p>\n<p><strong>HORAIRES<br \/><\/strong>De 20 h 30 \u00e0 22 h 30<\/p>\n<p>[\/et_pb_text][\/et_pb_column][\/et_pb_row][\/et_pb_section][et_pb_section fb_built=\u00a0\u00bb1&Prime; custom_padding_last_edited=\u00a0\u00bboff|tablet\u00a0\u00bb module_id=\u00a0\u00bb2831&Prime; module_class=\u00a0\u00bb2831&Prime; _builder_version=\u00a0\u00bb4.23.2&Prime; _module_preset=\u00a0\u00bbdefault\u00a0\u00bb background_enable_color=\u00a0\u00bboff\u00a0\u00bb custom_padding=\u00a0\u00bb||50px||false|false\u00a0\u00bb custom_padding_tablet=\u00a0\u00bb50px||50px||true|false\u00a0\u00bb locked=\u00a0\u00bboff\u00a0\u00bb global_colors_info=\u00a0\u00bb{}\u00a0\u00bb][et_pb_row column_structure=\u00a0\u00bb1_3,2_3&Prime; module_id=\u00a0\u00bb28293031&Prime; _builder_version=\u00a0\u00bb4.23.2&Prime; _module_preset=\u00a0\u00bbdefault\u00a0\u00bb custom_padding=\u00a0\u00bb0px||0px||false|false\u00a0\u00bb locked=\u00a0\u00bboff\u00a0\u00bb global_colors_info=\u00a0\u00bb{}\u00a0\u00bb][et_pb_column type=\u00a0\u00bb1_3&Prime; _builder_version=\u00a0\u00bb4.16&Prime; _module_preset=\u00a0\u00bbdefault\u00a0\u00bb global_colors_info=\u00a0\u00bb{}\u00a0\u00bb][et_pb_image src=\u00a0\u00bbhttps:\/\/www.lasaintours.it\/wp-content\/uploads\/2024\/07\/la-saint-ours-2024-estate-aosta-02.png\u00a0\u00bb alt=\u00a0\u00bbLa Saint Ours\u00a0\u00bb title_text=\u00a0\u00bbLa Saint Ours\u00a0\u00bb _builder_version=\u00a0\u00bb4.23.2&Prime; _module_preset=\u00a0\u00bbdefault\u00a0\u00bb animation_style=\u00a0\u00bbslide\u00a0\u00bb animation_direction=\u00a0\u00bbright\u00a0\u00bb global_colors_info=\u00a0\u00bb{}\u00a0\u00bb][\/et_pb_image][\/et_pb_column][et_pb_column type=\u00a0\u00bb2_3&Prime; _builder_version=\u00a0\u00bb4.23.2&Prime; _module_preset=\u00a0\u00bbdefault\u00a0\u00bb custom_padding=\u00a0\u00bb||0px||false|false\u00a0\u00bb global_colors_info=\u00a0\u00bb{}\u00a0\u00bb][et_pb_text disabled_on=\u00a0\u00bboff|off|off\u00a0\u00bb _builder_version=\u00a0\u00bb4.23.2&Prime; _module_preset=\u00a0\u00bbdefault\u00a0\u00bb text_font=\u00a0\u00bb|||on|||||\u00a0\u00bb custom_margin=\u00a0\u00bb||||false|false\u00a0\u00bb custom_padding=\u00a0\u00bb|||0px|false|false\u00a0\u00bb hover_enabled=\u00a0\u00bb0&Prime; global_colors_info=\u00a0\u00bb{}\u00a0\u00bb sticky_enabled=\u00a0\u00bb0&Prime;]<\/p>\n<p><strong>SAMEDI 19 JUILLET<\/strong><br \/><span style=\"color: #cc9f26;\"><strong>FILM ET FOIRE<br \/><\/strong><\/span>avec le Cervino Cine Mountain Festival<br \/>et le Grand Paradis Film Festival<\/p>\n<p><strong>DIMANCHE 20 JUILLET<br \/><\/strong><span style=\"color: #cc9f26;\"><b>D\u00e9monstrations en direct<span class=\"Apple-converted-space\"><br \/><\/span><\/b><\/span>des artisans vald\u00f4tains<span class=\"Apple-converted-space\"><br \/><\/span>de l&rsquo;Atelier des M\u00e9tiers<\/p>\n<p><strong>LUNDI 21 JUILLET<\/strong><br \/><span style=\"color: #cc9f26;\"><strong>Ch\u0153ur <\/strong><b>La Vie est Belle<\/b><\/span><\/p>\n<p><strong>MARDI 22 JUILLET<br \/><span style=\"color: #cc9f26;\">Ch\u0153ur Penne Nere<\/span><\/strong><\/p>\n<p><strong>MERCREDI 23 JUILLET<\/strong><br \/><span style=\"color: #cc9f26;\"><strong>Ch\u0153ur <\/strong><b>Les Chanteurs du<span class=\"Apple-converted-space\"><br \/><\/span><\/b><b>Grand Combin<\/b><\/span><\/p>\n<p><strong>JEUDI 24 JUILLET<\/strong><br \/><span style=\"color: #cc9f26;\"><strong>Ch\u0153ur LA MANDA<\/strong><\/span><\/p>\n<p><strong>VENDREDI 25 JUILLET<br \/><\/strong><span style=\"color: #cc9f26;\"><b>espace d\u00e9di\u00e9 aux enfants<\/b><\/span><\/p>\n<p><strong>SAMEDI 26 JUILLET<\/strong><br \/><span style=\"color: #cc9f26;\"><strong><span style=\"caret-color: #e5b838;\">ORSOFF &#8211; Art et artisanat<br \/>dialogue<\/span><\/strong><\/span><\/p>\n<p><strong>DIMANCHE 27 JUILLET<\/strong><br \/><span style=\"color: #cc9f26;\"><strong>Ch\u0153ur Chorale Neuventse<\/strong><\/span><\/p>\n<p>[\/et_pb_text][\/et_pb_column][\/et_pb_row][\/et_pb_section]<\/p>\n","protected":false},"excerpt":{"rendered":"<p>SOIR\u00c9ES AVEC LES CH\u0152URS DE LA VALL\u00c9E D&rsquo;AOSTEET AVANT-PREMI\u00c8RES\u00c9V\u00c9NEMENTS D&rsquo;\u00c9T\u00c9 DANS LA VILLEPLACE CHANOUXNeuf soir\u00e9es de projections,concerts et jeux sur la place du villageHORAIRESDe 20 h 30 \u00e0 22 h 30SAMEDI 19 JUILLETFILM ET FOIREavec le Cervino Cine Mountain Festivalet le Grand Paradis Film Festival DIMANCHE 20 JUILLETD\u00e9monstrations en directdes artisans vald\u00f4tainsde l&rsquo;Atelier des M\u00e9tiers [&hellip;]<\/p>\n","protected":false},"author":1,"featured_media":0,"parent":0,"menu_order":0,"comment_status":"closed","ping_status":"closed","template":"","meta":{"_et_pb_use_builder":"on","_et_pb_old_content":"","_et_gb_content_width":"","footnotes":""},"archivio-pagine":[],"class_list":["post-28928","page","type-page","status-publish","hentry"],"yoast_head":"<!-- This site is optimized with the Yoast SEO plugin v25.5 - https:\/\/yoast.com\/wordpress\/plugins\/seo\/ -->\n<title>La Saint Ours - Programma Foire 2024<\/title>\n<meta name=\"description\" content=\"Tutto il programma de La Saint Ours 2024\" \/>\n<meta name=\"robots\" content=\"index, follow, max-snippet:-1, max-image-preview:large, max-video-preview:-1\" \/>\n<link rel=\"canonical\" href=\"https:\/\/www.lasaintours.it\/fr\/71-exposition-concours-et-foire-festival\/\" \/>\n<meta property=\"og:locale\" content=\"fr_FR\" \/>\n<meta property=\"og:type\" content=\"article\" \/>\n<meta property=\"og:title\" content=\"La Saint Ours - Programma Foire 2024\" \/>\n<meta property=\"og:description\" content=\"Tutto il programma de La Saint Ours 2024\" \/>\n<meta property=\"og:url\" content=\"https:\/\/www.lasaintours.it\/fr\/71-exposition-concours-et-foire-festival\/\" \/>\n<meta property=\"og:site_name\" content=\"La Saint Ours\" \/>\n<meta property=\"article:modified_time\" content=\"2025-07-24T07:46:50+00:00\" \/>\n<meta name=\"twitter:card\" content=\"summary_large_image\" \/>\n<meta name=\"twitter:label1\" content=\"Dur\u00e9e de lecture estim\u00e9e\" \/>\n\t<meta name=\"twitter:data1\" content=\"2 minutes\" \/>\n<script type=\"application\/ld+json\" class=\"yoast-schema-graph\">{\"@context\":\"https:\/\/schema.org\",\"@graph\":[{\"@type\":\"WebPage\",\"@id\":\"https:\/\/www.lasaintours.it\/fr\/71-exposition-concours-et-foire-festival\/\",\"url\":\"https:\/\/www.lasaintours.it\/fr\/71-exposition-concours-et-foire-festival\/\",\"name\":\"La Saint Ours - Programma Foire 2024\",\"isPartOf\":{\"@id\":\"https:\/\/www.lasaintours.it\/#website\"},\"datePublished\":\"2024-07-05T06:09:54+00:00\",\"dateModified\":\"2025-07-24T07:46:50+00:00\",\"description\":\"Tutto il programma de La Saint Ours 2024\",\"inLanguage\":\"fr-FR\",\"potentialAction\":[{\"@type\":\"ReadAction\",\"target\":[\"https:\/\/www.lasaintours.it\/fr\/71-exposition-concours-et-foire-festival\/\"]}]},{\"@type\":\"WebSite\",\"@id\":\"https:\/\/www.lasaintours.it\/#website\",\"url\":\"https:\/\/www.lasaintours.it\/\",\"name\":\"La Saint Ours\",\"description\":\"Foire de Saint Ours\",\"potentialAction\":[{\"@type\":\"SearchAction\",\"target\":{\"@type\":\"EntryPoint\",\"urlTemplate\":\"https:\/\/www.lasaintours.it\/?s={search_term_string}\"},\"query-input\":{\"@type\":\"PropertyValueSpecification\",\"valueRequired\":true,\"valueName\":\"search_term_string\"}}],\"inLanguage\":\"fr-FR\"}]}<\/script>\n<!-- \/ Yoast SEO plugin. -->","yoast_head_json":{"title":"La Saint Ours - Programma Foire 2024","description":"Tutto il programma de La Saint Ours 2024","robots":{"index":"index","follow":"follow","max-snippet":"max-snippet:-1","max-image-preview":"max-image-preview:large","max-video-preview":"max-video-preview:-1"},"canonical":"https:\/\/www.lasaintours.it\/fr\/71-exposition-concours-et-foire-festival\/","og_locale":"fr_FR","og_type":"article","og_title":"La Saint Ours - Programma Foire 2024","og_description":"Tutto il programma de La Saint Ours 2024","og_url":"https:\/\/www.lasaintours.it\/fr\/71-exposition-concours-et-foire-festival\/","og_site_name":"La Saint Ours","article_modified_time":"2025-07-24T07:46:50+00:00","twitter_card":"summary_large_image","twitter_misc":{"Dur\u00e9e de lecture estim\u00e9e":"2 minutes"},"schema":{"@context":"https:\/\/schema.org","@graph":[{"@type":"WebPage","@id":"https:\/\/www.lasaintours.it\/fr\/71-exposition-concours-et-foire-festival\/","url":"https:\/\/www.lasaintours.it\/fr\/71-exposition-concours-et-foire-festival\/","name":"La Saint Ours - Programma Foire 2024","isPartOf":{"@id":"https:\/\/www.lasaintours.it\/#website"},"datePublished":"2024-07-05T06:09:54+00:00","dateModified":"2025-07-24T07:46:50+00:00","description":"Tutto il programma de La Saint Ours 2024","inLanguage":"fr-FR","potentialAction":[{"@type":"ReadAction","target":["https:\/\/www.lasaintours.it\/fr\/71-exposition-concours-et-foire-festival\/"]}]},{"@type":"WebSite","@id":"https:\/\/www.lasaintours.it\/#website","url":"https:\/\/www.lasaintours.it\/","name":"La Saint Ours","description":"Foire de Saint Ours","potentialAction":[{"@type":"SearchAction","target":{"@type":"EntryPoint","urlTemplate":"https:\/\/www.lasaintours.it\/?s={search_term_string}"},"query-input":{"@type":"PropertyValueSpecification","valueRequired":true,"valueName":"search_term_string"}}],"inLanguage":"fr-FR"}]}},"_links":{"self":[{"href":"https:\/\/www.lasaintours.it\/fr\/wp-json\/wp\/v2\/pages\/28928","targetHints":{"allow":["GET"]}}],"collection":[{"href":"https:\/\/www.lasaintours.it\/fr\/wp-json\/wp\/v2\/pages"}],"about":[{"href":"https:\/\/www.lasaintours.it\/fr\/wp-json\/wp\/v2\/types\/page"}],"author":[{"embeddable":true,"href":"https:\/\/www.lasaintours.it\/fr\/wp-json\/wp\/v2\/users\/1"}],"replies":[{"embeddable":true,"href":"https:\/\/www.lasaintours.it\/fr\/wp-json\/wp\/v2\/comments?post=28928"}],"version-history":[{"count":7,"href":"https:\/\/www.lasaintours.it\/fr\/wp-json\/wp\/v2\/pages\/28928\/revisions"}],"predecessor-version":[{"id":31675,"href":"https:\/\/www.lasaintours.it\/fr\/wp-json\/wp\/v2\/pages\/28928\/revisions\/31675"}],"wp:attachment":[{"href":"https:\/\/www.lasaintours.it\/fr\/wp-json\/wp\/v2\/media?parent=28928"}],"wp:term":[{"taxonomy":"archivio-pagine","embeddable":true,"href":"https:\/\/www.lasaintours.it\/fr\/wp-json\/wp\/v2\/archivio-pagine?post=28928"}],"curies":[{"name":"wp","href":"https:\/\/api.w.org\/{rel}","templated":true}]}}