
{"id":32604,"date":"2025-12-04T12:20:49","date_gmt":"2025-12-04T11:20:49","guid":{"rendered":"https:\/\/www.lasaintours.it\/?page_id=32604"},"modified":"2025-12-04T12:27:20","modified_gmt":"2025-12-04T11:27:20","slug":"affiches","status":"publish","type":"page","link":"https:\/\/www.lasaintours.it\/fr\/affiches\/","title":{"rendered":"Affiches"},"content":{"rendered":"<p>[et_pb_section fb_built=\u00a0\u00bb1&Prime; custom_padding_last_edited=\u00a0\u00bbon|tablet\u00a0\u00bb module_id=\u00a0\u00bbsfondo1&Prime; module_class=\u00a0\u00bbsfondo1&Prime; _builder_version=\u00a0\u00bb4.23.2&Prime; background_color=\u00a0\u00bb#761813&Prime; custom_padding=\u00a0\u00bb75px||0px||false|false\u00a0\u00bb custom_padding_tablet=\u00a0\u00bb50px||||false|false\u00a0\u00bb custom_padding_phone=\u00a0\u00bb\u00a0\u00bb locked=\u00a0\u00bboff\u00a0\u00bb global_colors_info=\u00a0\u00bb{}\u00a0\u00bb custom_margin=\u00a0\u00bb200px||||false|false\u00a0\u00bb][et_pb_row column_structure=\u00a0\u00bb2_5,3_5&Prime; use_custom_gutter=\u00a0\u00bbon\u00a0\u00bb gutter_width=\u00a0\u00bb1&Prime; make_equal=\u00a0\u00bbon\u00a0\u00bb _builder_version=\u00a0\u00bb4.23.2&Prime; module_alignment=\u00a0\u00bbcenter\u00a0\u00bb custom_padding=\u00a0\u00bb0px||0px||true|\u00a0\u00bb global_colors_info=\u00a0\u00bb{}\u00a0\u00bb][et_pb_column type=\u00a0\u00bb2_5&Prime; _builder_version=\u00a0\u00bb4.16&Prime; custom_padding=\u00a0\u00bb||||false|false\u00a0\u00bb custom_padding_tablet=\u00a0\u00bb||50px||false|false\u00a0\u00bb custom_padding_phone=\u00a0\u00bb\u00a0\u00bb custom_padding_last_edited=\u00a0\u00bbon|tablet\u00a0\u00bb global_colors_info=\u00a0\u00bb{}\u00a0\u00bb][et_pb_text _builder_version=\u00a0\u00bb4.23.2&Prime; header_text_color=\u00a0\u00bb#222222&Prime; background_color=\u00a0\u00bbRGBA(255,255,255,0)\u00a0\u00bb custom_margin=\u00a0\u00bb||20px||false|false\u00a0\u00bb global_colors_info=\u00a0\u00bb{}\u00a0\u00bb]<\/p>\n<h1 style=\"text-align: left;\"><strong>Affiches<\/strong><\/h1>\n<p>[\/et_pb_text][et_pb_divider color=\u00a0\u00bb#FFFFFF\u00a0\u00bb _builder_version=\u00a0\u00bb4.23.2&Prime; _module_preset=\u00a0\u00bbdefault\u00a0\u00bb max_width=\u00a0\u00bb500px\u00a0\u00bb module_alignment=\u00a0\u00bbleft\u00a0\u00bb custom_margin=\u00a0\u00bb10px||0px||false|false\u00a0\u00bb global_colors_info=\u00a0\u00bb{}\u00a0\u00bb][\/et_pb_divider][et_pb_text _builder_version=\u00a0\u00bb4.23.2&Prime; header_text_color=\u00a0\u00bb#FFFFFF\u00a0\u00bb hover_enabled=\u00a0\u00bb0&Prime; global_colors_info=\u00a0\u00bb{}\u00a0\u00bb sticky_enabled=\u00a0\u00bb0&Prime;]<\/p>\n<h3 style=\"text-align: left;\">Affiche de la<\/h3>\n<h3 style=\"text-align: left;\">1026\u00aa Foire de Saint-Ours<\/h3>\n<p>[\/et_pb_text][et_pb_divider color=\u00a0\u00bb#FFFFFF\u00a0\u00bb _builder_version=\u00a0\u00bb4.23.2&Prime; _module_preset=\u00a0\u00bbdefault\u00a0\u00bb max_width=\u00a0\u00bb500px\u00a0\u00bb module_alignment=\u00a0\u00bbleft\u00a0\u00bb custom_margin=\u00a0\u00bb10px||10px||true|false\u00a0\u00bb global_colors_info=\u00a0\u00bb{}\u00a0\u00bb][\/et_pb_divider][\/et_pb_column][et_pb_column type=\u00a0\u00bb3_5&Prime; _builder_version=\u00a0\u00bb4.16&Prime; custom_padding=\u00a0\u00bb||||false\u00a0\u00bb custom_padding_tablet=\u00a0\u00bb||0px||false|false\u00a0\u00bb custom_padding_phone=\u00a0\u00bb\u00a0\u00bb custom_padding_last_edited=\u00a0\u00bbon|tablet\u00a0\u00bb global_colors_info=\u00a0\u00bb{}\u00a0\u00bb][et_pb_text _builder_version=\u00a0\u00bb4.23.2&Prime; _module_preset=\u00a0\u00bbdefault\u00a0\u00bb text_text_color=\u00a0\u00bb#222222&Prime; max_width=\u00a0\u00bb250px\u00a0\u00bb module_alignment=\u00a0\u00bbleft\u00a0\u00bb custom_margin=\u00a0\u00bb||35px||false|false\u00a0\u00bb custom_padding=\u00a0\u00bb||97px|||\u00a0\u00bb global_colors_info=\u00a0\u00bb{}\u00a0\u00bb][\/et_pb_text][\/et_pb_column][\/et_pb_row][\/et_pb_section][et_pb_section fb_built=\u00a0\u00bb1&Prime; custom_padding_last_edited=\u00a0\u00bbon|tablet\u00a0\u00bb _builder_version=\u00a0\u00bb4.23.2&Prime; _module_preset=\u00a0\u00bbdefault\u00a0\u00bb background_color=\u00a0\u00bb#B9711F\u00a0\u00bb min_height=\u00a0\u00bb771.2px\u00a0\u00bb custom_padding=\u00a0\u00bb100px||100px||true|false\u00a0\u00bb custom_padding_tablet=\u00a0\u00bb50px||50px||true|false\u00a0\u00bb custom_padding_phone=\u00a0\u00bb\u00a0\u00bb locked=\u00a0\u00bboff\u00a0\u00bb global_colors_info=\u00a0\u00bb{}\u00a0\u00bb][et_pb_row column_structure=\u00a0\u00bb1_4,3_4&Prime; _builder_version=\u00a0\u00bb4.23.2&Prime; _module_preset=\u00a0\u00bbdefault\u00a0\u00bb custom_padding=\u00a0\u00bb0px||0px||true|\u00a0\u00bb global_colors_info=\u00a0\u00bb{}\u00a0\u00bb][et_pb_column type=\u00a0\u00bb1_4&Prime; _builder_version=\u00a0\u00bb4.16&Prime; _module_preset=\u00a0\u00bbdefault\u00a0\u00bb global_colors_info=\u00a0\u00bb{}\u00a0\u00bb][et_pb_image src=\u00a0\u00bbhttps:\/\/www.lasaintours.it\/wp-content\/uploads\/2025\/12\/FSTO_Locandina2026a.png\u00a0\u00bb alt=\u00a0\u00bbLa Saint-Ours\u00a0\u00bb title_text=\u00a0\u00bbFSTO_Locandina2026a\u00a0\u00bb _builder_version=\u00a0\u00bb4.23.2&Prime; _module_preset=\u00a0\u00bbdefault\u00a0\u00bb width=\u00a0\u00bb133%\u00a0\u00bb max_width=\u00a0\u00bb500%\u00a0\u00bb module_alignment=\u00a0\u00bbright\u00a0\u00bb min_height=\u00a0\u00bb100px\u00a0\u00bb global_colors_info=\u00a0\u00bb{}\u00a0\u00bb][\/et_pb_image][\/et_pb_column][et_pb_column type=\u00a0\u00bb3_4&Prime; _builder_version=\u00a0\u00bb4.16&Prime; _module_preset=\u00a0\u00bbdefault\u00a0\u00bb global_colors_info=\u00a0\u00bb{}\u00a0\u00bb][et_pb_text _builder_version=\u00a0\u00bb4.23.2&Prime; _module_preset=\u00a0\u00bbdefault\u00a0\u00bb text_text_color=\u00a0\u00bb#FFFFFF\u00a0\u00bb text_font_size=\u00a0\u00bb18px\u00a0\u00bb max_width=\u00a0\u00bb566px\u00a0\u00bb module_alignment=\u00a0\u00bbleft\u00a0\u00bb min_height=\u00a0\u00bb475.9px\u00a0\u00bb custom_margin=\u00a0\u00bb||-28px|||\u00a0\u00bb custom_padding=\u00a0\u00bb|||95px||\u00a0\u00bb global_colors_info=\u00a0\u00bb{}\u00a0\u00bb]<\/p>\n<p>L\u2019image a \u00e9t\u00e9 con\u00e7ue par le Studio Arsenale de Davide Bongiovanni, avec les illustrations d\u2019Annie Roveyaz.<br \/>L\u2019id\u00e9e est n\u00e9e du souvenir des veill\u00e9es d\u2019antan, les longues soir\u00e9es d\u2019hiver o\u00f9 nous nous r\u00e9unissions pour passer du temps ensemble &#8211; qui brodent, qui sculptent, qui chantent &#8211; et accompagne id\u00e9alement le visiteur dans un voyage dans le temps, jusqu\u2019\u00e0 la Foire de nos jours.<br \/>M\u00eame les couleurs suivent ce parcours\u00a0: de l\u2019obscurit\u00e9 jamais sombre, mais rempli de joie, chaleur et partage, \u00e0 la lumi\u00e8re du jour, symbole de la f\u00eate qui illumine chaque ann\u00e9e le c\u0153ur d\u2019Aoste.<br \/>Pens\u00e9 pour \u00eatre observ\u00e9 avec attention, le manifeste est riche en d\u00e9tails et en petites histoires \u00e0 d\u00e9couvrir. \u00c0 travers le trait et les couleurs, il restitue l\u2019essence la plus authentique de la Foire de Saint-Ours : un \u00e9v\u00e9nement vivant et participatif, fait de sons, voix et visages, d\u2019artisanat et saveurs, d\u2019objets et couleurs.<\/p>\n<p>[\/et_pb_text][et_pb_button button_url=\u00a0\u00bb@ET-DC@eyJkeW5hbWljIjp0cnVlLCJjb250ZW50IjoicG9zdF9saW5rX3VybF9hdHRhY2htZW50Iiwic2V0dGluZ3MiOnsicG9zdF9pZCI6IjMyNTEyIn19@\u00a0\u00bb url_new_window=\u00a0\u00bbon\u00a0\u00bb button_text=\u00a0\u00bbT\u00e9l\u00e9chargez ici le fond d\u2019\u00e9cran pour votre smartphone!\u00a0\u00bb button_alignment=\u00a0\u00bbleft\u00a0\u00bb _builder_version=\u00a0\u00bb4.23.2&Prime; _dynamic_attributes=\u00a0\u00bbbutton_url\u00a0\u00bb _module_preset=\u00a0\u00bbdefault\u00a0\u00bb custom_button=\u00a0\u00bbon\u00a0\u00bb button_text_size=\u00a0\u00bb18px\u00a0\u00bb button_text_color=\u00a0\u00bb#FFFFFF\u00a0\u00bb button_bg_color=\u00a0\u00bb#761813&Prime; button_border_width=\u00a0\u00bb18px\u00a0\u00bb button_border_color=\u00a0\u00bb#761813&Prime; button_border_radius=\u00a0\u00bb41px\u00a0\u00bb button_letter_spacing=\u00a0\u00bb0px\u00a0\u00bb button_font=\u00a0\u00bb|600|||||||\u00a0\u00bb custom_margin=\u00a0\u00bb39px|300px|20px|100px|false|false\u00a0\u00bb custom_padding=\u00a0\u00bb0px|||0px|false|false\u00a0\u00bb animation_style=\u00a0\u00bbslide\u00a0\u00bb animation_duration=\u00a0\u00bb350ms\u00a0\u00bb animation_intensity_slide=\u00a0\u00bb0%\u00a0\u00bb hover_enabled=\u00a0\u00bb0&Prime; custom_css_free_form=\u00a0\u00bbet-download-button\u00a0\u00bb global_colors_info=\u00a0\u00bb{}\u00a0\u00bb sticky_enabled=\u00a0\u00bb0&Prime;][\/et_pb_button][\/et_pb_column][\/et_pb_row][\/et_pb_section][et_pb_section fb_built=\u00a0\u00bb1&Prime; custom_padding_last_edited=\u00a0\u00bbon|tablet\u00a0\u00bb module_id=\u00a0\u00bbsfondo1&Prime; module_class=\u00a0\u00bbsfondo1&Prime; _builder_version=\u00a0\u00bb4.23.2&Prime; background_color=\u00a0\u00bb#761813&Prime; min_height=\u00a0\u00bb118.9px\u00a0\u00bb custom_padding=\u00a0\u00bb75px||0px||false|false\u00a0\u00bb custom_padding_tablet=\u00a0\u00bb50px||||false|false\u00a0\u00bb custom_padding_phone=\u00a0\u00bb\u00a0\u00bb locked=\u00a0\u00bboff\u00a0\u00bb global_colors_info=\u00a0\u00bb{}\u00a0\u00bb][et_pb_row column_structure=\u00a0\u00bb2_5,3_5&Prime; use_custom_gutter=\u00a0\u00bbon\u00a0\u00bb gutter_width=\u00a0\u00bb1&Prime; make_equal=\u00a0\u00bbon\u00a0\u00bb _builder_version=\u00a0\u00bb4.23.2&Prime; module_alignment=\u00a0\u00bbcenter\u00a0\u00bb custom_margin=\u00a0\u00bb-40px||||false|false\u00a0\u00bb custom_padding=\u00a0\u00bb0px||0px||true|\u00a0\u00bb global_colors_info=\u00a0\u00bb{}\u00a0\u00bb][et_pb_column type=\u00a0\u00bb2_5&Prime; _builder_version=\u00a0\u00bb4.16&Prime; custom_padding=\u00a0\u00bb||||false|false\u00a0\u00bb custom_padding_tablet=\u00a0\u00bb||50px||false|false\u00a0\u00bb custom_padding_phone=\u00a0\u00bb\u00a0\u00bb custom_padding_last_edited=\u00a0\u00bbon|tablet\u00a0\u00bb global_colors_info=\u00a0\u00bb{}\u00a0\u00bb][et_pb_divider color=\u00a0\u00bb#FFFFFF\u00a0\u00bb _builder_version=\u00a0\u00bb4.23.2&Prime; _module_preset=\u00a0\u00bbdefault\u00a0\u00bb max_width=\u00a0\u00bb500px\u00a0\u00bb module_alignment=\u00a0\u00bbleft\u00a0\u00bb custom_margin=\u00a0\u00bb10px||0px||false|false\u00a0\u00bb global_colors_info=\u00a0\u00bb{}\u00a0\u00bb][\/et_pb_divider][et_pb_text _builder_version=\u00a0\u00bb4.23.2&Prime; header_text_color=\u00a0\u00bb#FFFFFF\u00a0\u00bb hover_enabled=\u00a0\u00bb0&Prime; global_colors_info=\u00a0\u00bb{}\u00a0\u00bb sticky_enabled=\u00a0\u00bb0&Prime;]<\/p>\n<h3 style=\"text-align: left;\">Affiche de la<\/h3>\n<h3 style=\"text-align: left;\">Foire de Saint-Ours de Donnas 2026<\/h3>\n<p>[\/et_pb_text][et_pb_divider color=\u00a0\u00bb#FFFFFF\u00a0\u00bb _builder_version=\u00a0\u00bb4.23.2&Prime; _module_preset=\u00a0\u00bbdefault\u00a0\u00bb max_width=\u00a0\u00bb500px\u00a0\u00bb module_alignment=\u00a0\u00bbleft\u00a0\u00bb custom_margin=\u00a0\u00bb10px||10px||true|false\u00a0\u00bb global_colors_info=\u00a0\u00bb{}\u00a0\u00bb][\/et_pb_divider][\/et_pb_column][et_pb_column type=\u00a0\u00bb3_5&Prime; _builder_version=\u00a0\u00bb4.16&Prime; custom_padding=\u00a0\u00bb||||false\u00a0\u00bb custom_padding_tablet=\u00a0\u00bb||0px||false|false\u00a0\u00bb custom_padding_phone=\u00a0\u00bb\u00a0\u00bb custom_padding_last_edited=\u00a0\u00bbon|tablet\u00a0\u00bb global_colors_info=\u00a0\u00bb{}\u00a0\u00bb][\/et_pb_column][\/et_pb_row][\/et_pb_section][et_pb_section fb_built=\u00a0\u00bb1&Prime; custom_padding_last_edited=\u00a0\u00bbon|tablet\u00a0\u00bb _builder_version=\u00a0\u00bb4.23.2&Prime; _module_preset=\u00a0\u00bbdefault\u00a0\u00bb background_color=\u00a0\u00bb#B9711F\u00a0\u00bb min_height=\u00a0\u00bb715.7px\u00a0\u00bb custom_padding=\u00a0\u00bb100px||100px||true|false\u00a0\u00bb custom_padding_tablet=\u00a0\u00bb50px||50px||true|false\u00a0\u00bb custom_padding_phone=\u00a0\u00bb\u00a0\u00bb locked=\u00a0\u00bboff\u00a0\u00bb global_colors_info=\u00a0\u00bb{}\u00a0\u00bb][et_pb_row column_structure=\u00a0\u00bb1_4,3_4&Prime; _builder_version=\u00a0\u00bb4.23.2&Prime; _module_preset=\u00a0\u00bbdefault\u00a0\u00bb custom_padding=\u00a0\u00bb0px||0px||true|\u00a0\u00bb global_colors_info=\u00a0\u00bb{}\u00a0\u00bb][et_pb_column type=\u00a0\u00bb1_4&Prime; _builder_version=\u00a0\u00bb4.16&Prime; _module_preset=\u00a0\u00bbdefault\u00a0\u00bb global_colors_info=\u00a0\u00bb{}\u00a0\u00bb][et_pb_image src=\u00a0\u00bbhttps:\/\/www.lasaintours.it\/wp-content\/uploads\/2025\/12\/FSTO_Manifesto-Donnas-1.jpg\u00a0\u00bb alt=\u00a0\u00bbLa Saint-Ours\u00a0\u00bb title_text=\u00a0\u00bbFSTO_Manifesto-Donnas-1&Prime; _builder_version=\u00a0\u00bb4.23.2&Prime; _module_preset=\u00a0\u00bbdefault\u00a0\u00bb width=\u00a0\u00bb133%\u00a0\u00bb max_width=\u00a0\u00bb500%\u00a0\u00bb module_alignment=\u00a0\u00bbright\u00a0\u00bb min_height=\u00a0\u00bb100px\u00a0\u00bb global_colors_info=\u00a0\u00bb{}\u00a0\u00bb][\/et_pb_image][\/et_pb_column][et_pb_column type=\u00a0\u00bb3_4&Prime; _builder_version=\u00a0\u00bb4.16&Prime; _module_preset=\u00a0\u00bbdefault\u00a0\u00bb global_colors_info=\u00a0\u00bb{}\u00a0\u00bb][et_pb_text _builder_version=\u00a0\u00bb4.23.2&Prime; _module_preset=\u00a0\u00bbdefault\u00a0\u00bb text_text_color=\u00a0\u00bb#FFFFFF\u00a0\u00bb text_font_size=\u00a0\u00bb18px\u00a0\u00bb max_width=\u00a0\u00bb566px\u00a0\u00bb module_alignment=\u00a0\u00bbleft\u00a0\u00bb min_height=\u00a0\u00bb475.9px\u00a0\u00bb custom_margin=\u00a0\u00bb||-28px|||\u00a0\u00bb custom_padding=\u00a0\u00bb|||95px||\u00a0\u00bb hover_enabled=\u00a0\u00bb0&Prime; global_colors_info=\u00a0\u00bb{}\u00a0\u00bb sticky_enabled=\u00a0\u00bb0&Prime;]<\/p>\n<p>Si l&rsquo;affiche d\u2019Aoste invite \u00e0 un voyage des veill\u00e9es d\u2019antan jusqu\u2019aux jours de la Foire, celui de Donnas ouvre plut\u00f4t les portes \u00e0 l\u2019air p\u00e9tillant du bourg antique.<br \/>Ici, la sc\u00e8ne ne na\u00eet pas de l\u2019obscurit\u00e9, mais de la lumi\u00e8re du jour, qui d\u00e9voile des murs en pierre, des arches s\u00e9culaires et des vues famili\u00e8res\u00a0: c\u2019est le village qui devient le cadre vivant de l\u2019artisanat.<br \/>Le m\u00eame, mais diff\u00e9rent, avec des \u00ab\u00a0\u00e9l\u00e9ments \u00e0 d\u00e9couvrir\u00a0\u00bb qui diff\u00e8rent de celui d\u2019Aoste.<br \/>Les couleurs s\u2019ouvrent, s\u2019\u00e9claircissent, deviennent plus directes, tout comme l\u2019atmosph\u00e8re de la Foire de Donnas, plus courte mais intense et recueillie.<\/p>\n<p>[\/et_pb_text][\/et_pb_column][\/et_pb_row][\/et_pb_section]<\/p>\n","protected":false},"excerpt":{"rendered":"<p>AffichesAffiche de la 1026\u00aa Foire de Saint-OursL\u2019image a \u00e9t\u00e9 con\u00e7ue par le Studio Arsenale de Davide Bongiovanni, avec les illustrations d\u2019Annie Roveyaz.L\u2019id\u00e9e est n\u00e9e du souvenir des veill\u00e9es d\u2019antan, les longues soir\u00e9es d\u2019hiver o\u00f9 nous nous r\u00e9unissions pour passer du temps ensemble &#8211; qui brodent, qui sculptent, qui chantent &#8211; et accompagne id\u00e9alement le visiteur [&hellip;]<\/p>\n","protected":false},"author":8,"featured_media":0,"parent":0,"menu_order":0,"comment_status":"closed","ping_status":"closed","template":"","meta":{"_et_pb_use_builder":"on","_et_pb_old_content":"","_et_gb_content_width":"","footnotes":""},"archivio-pagine":[],"class_list":["post-32604","page","type-page","status-publish","hentry"],"yoast_head":"<!-- This site is optimized with the Yoast SEO plugin v25.5 - https:\/\/yoast.com\/wordpress\/plugins\/seo\/ -->\n<title>Affiches - La Saint Ours<\/title>\n<meta name=\"robots\" content=\"index, follow, max-snippet:-1, max-image-preview:large, max-video-preview:-1\" \/>\n<link rel=\"canonical\" href=\"https:\/\/www.lasaintours.it\/fr\/affiches\/\" \/>\n<meta property=\"og:locale\" content=\"fr_FR\" \/>\n<meta property=\"og:type\" content=\"article\" \/>\n<meta property=\"og:title\" content=\"Affiches - La Saint Ours\" \/>\n<meta property=\"og:description\" content=\"AffichesAffiche de la 1026\u00aa Foire de Saint-OursL\u2019image a \u00e9t\u00e9 con\u00e7ue par le Studio Arsenale de Davide Bongiovanni, avec les illustrations d\u2019Annie Roveyaz.L\u2019id\u00e9e est n\u00e9e du souvenir des veill\u00e9es d\u2019antan, les longues soir\u00e9es d\u2019hiver o\u00f9 nous nous r\u00e9unissions pour passer du temps ensemble - qui brodent, qui sculptent, qui chantent - et accompagne id\u00e9alement le visiteur [&hellip;]\" \/>\n<meta property=\"og:url\" content=\"https:\/\/www.lasaintours.it\/fr\/affiches\/\" \/>\n<meta property=\"og:site_name\" content=\"La Saint Ours\" \/>\n<meta property=\"article:modified_time\" content=\"2025-12-04T11:27:20+00:00\" \/>\n<meta name=\"twitter:card\" content=\"summary_large_image\" \/>\n<meta name=\"twitter:label1\" content=\"Dur\u00e9e de lecture estim\u00e9e\" \/>\n\t<meta name=\"twitter:data1\" content=\"2 minutes\" \/>\n<script type=\"application\/ld+json\" class=\"yoast-schema-graph\">{\"@context\":\"https:\/\/schema.org\",\"@graph\":[{\"@type\":\"WebPage\",\"@id\":\"https:\/\/www.lasaintours.it\/fr\/affiches\/\",\"url\":\"https:\/\/www.lasaintours.it\/fr\/affiches\/\",\"name\":\"Affiches - La Saint Ours\",\"isPartOf\":{\"@id\":\"https:\/\/www.lasaintours.it\/#website\"},\"datePublished\":\"2025-12-04T11:20:49+00:00\",\"dateModified\":\"2025-12-04T11:27:20+00:00\",\"inLanguage\":\"fr-FR\",\"potentialAction\":[{\"@type\":\"ReadAction\",\"target\":[\"https:\/\/www.lasaintours.it\/fr\/affiches\/\"]}]},{\"@type\":\"WebSite\",\"@id\":\"https:\/\/www.lasaintours.it\/#website\",\"url\":\"https:\/\/www.lasaintours.it\/\",\"name\":\"La Saint Ours\",\"description\":\"Foire de Saint Ours\",\"potentialAction\":[{\"@type\":\"SearchAction\",\"target\":{\"@type\":\"EntryPoint\",\"urlTemplate\":\"https:\/\/www.lasaintours.it\/?s={search_term_string}\"},\"query-input\":{\"@type\":\"PropertyValueSpecification\",\"valueRequired\":true,\"valueName\":\"search_term_string\"}}],\"inLanguage\":\"fr-FR\"}]}<\/script>\n<!-- \/ Yoast SEO plugin. -->","yoast_head_json":{"title":"Affiches - La Saint Ours","robots":{"index":"index","follow":"follow","max-snippet":"max-snippet:-1","max-image-preview":"max-image-preview:large","max-video-preview":"max-video-preview:-1"},"canonical":"https:\/\/www.lasaintours.it\/fr\/affiches\/","og_locale":"fr_FR","og_type":"article","og_title":"Affiches - La Saint Ours","og_description":"AffichesAffiche de la 1026\u00aa Foire de Saint-OursL\u2019image a \u00e9t\u00e9 con\u00e7ue par le Studio Arsenale de Davide Bongiovanni, avec les illustrations d\u2019Annie Roveyaz.L\u2019id\u00e9e est n\u00e9e du souvenir des veill\u00e9es d\u2019antan, les longues soir\u00e9es d\u2019hiver o\u00f9 nous nous r\u00e9unissions pour passer du temps ensemble - qui brodent, qui sculptent, qui chantent - et accompagne id\u00e9alement le visiteur [&hellip;]","og_url":"https:\/\/www.lasaintours.it\/fr\/affiches\/","og_site_name":"La Saint Ours","article_modified_time":"2025-12-04T11:27:20+00:00","twitter_card":"summary_large_image","twitter_misc":{"Dur\u00e9e de lecture estim\u00e9e":"2 minutes"},"schema":{"@context":"https:\/\/schema.org","@graph":[{"@type":"WebPage","@id":"https:\/\/www.lasaintours.it\/fr\/affiches\/","url":"https:\/\/www.lasaintours.it\/fr\/affiches\/","name":"Affiches - La Saint Ours","isPartOf":{"@id":"https:\/\/www.lasaintours.it\/#website"},"datePublished":"2025-12-04T11:20:49+00:00","dateModified":"2025-12-04T11:27:20+00:00","inLanguage":"fr-FR","potentialAction":[{"@type":"ReadAction","target":["https:\/\/www.lasaintours.it\/fr\/affiches\/"]}]},{"@type":"WebSite","@id":"https:\/\/www.lasaintours.it\/#website","url":"https:\/\/www.lasaintours.it\/","name":"La Saint Ours","description":"Foire de Saint Ours","potentialAction":[{"@type":"SearchAction","target":{"@type":"EntryPoint","urlTemplate":"https:\/\/www.lasaintours.it\/?s={search_term_string}"},"query-input":{"@type":"PropertyValueSpecification","valueRequired":true,"valueName":"search_term_string"}}],"inLanguage":"fr-FR"}]}},"_links":{"self":[{"href":"https:\/\/www.lasaintours.it\/fr\/wp-json\/wp\/v2\/pages\/32604","targetHints":{"allow":["GET"]}}],"collection":[{"href":"https:\/\/www.lasaintours.it\/fr\/wp-json\/wp\/v2\/pages"}],"about":[{"href":"https:\/\/www.lasaintours.it\/fr\/wp-json\/wp\/v2\/types\/page"}],"author":[{"embeddable":true,"href":"https:\/\/www.lasaintours.it\/fr\/wp-json\/wp\/v2\/users\/8"}],"replies":[{"embeddable":true,"href":"https:\/\/www.lasaintours.it\/fr\/wp-json\/wp\/v2\/comments?post=32604"}],"version-history":[{"count":5,"href":"https:\/\/www.lasaintours.it\/fr\/wp-json\/wp\/v2\/pages\/32604\/revisions"}],"predecessor-version":[{"id":32614,"href":"https:\/\/www.lasaintours.it\/fr\/wp-json\/wp\/v2\/pages\/32604\/revisions\/32614"}],"wp:attachment":[{"href":"https:\/\/www.lasaintours.it\/fr\/wp-json\/wp\/v2\/media?parent=32604"}],"wp:term":[{"taxonomy":"archivio-pagine","embeddable":true,"href":"https:\/\/www.lasaintours.it\/fr\/wp-json\/wp\/v2\/archivio-pagine?post=32604"}],"curies":[{"name":"wp","href":"https:\/\/api.w.org\/{rel}","templated":true}]}}